{"id":300,"date":"2020-12-21T13:37:16","date_gmt":"2020-12-21T13:37:16","guid":{"rendered":"https:\/\/lagoelectromecanica.com\/?post_type=product&#038;p=300"},"modified":"2020-12-30T19:26:50","modified_gmt":"2020-12-30T19:26:50","slug":"tableros-de-baja-tension","status":"publish","type":"product","link":"https:\/\/lagoelectromecanica.com\/?product=tableros-de-baja-tension","title":{"rendered":"TABLEROS DE BAJA TENSI\u00d3N"},"content":{"rendered":"<p>[et_pb_section fb_built=\u00bb1&#8243; _builder_version=\u00bb3.22&#8243; custom_padding=\u00bb0px||||false|false\u00bb da_is_popup=\u00bboff\u00bb da_exit_intent=\u00bboff\u00bb da_has_close=\u00bbon\u00bb da_alt_close=\u00bboff\u00bb da_dark_close=\u00bboff\u00bb da_not_modal=\u00bbon\u00bb da_is_singular=\u00bboff\u00bb da_with_loader=\u00bboff\u00bb da_has_shadow=\u00bbon\u00bb da_disable_devices=\u00bboff|off|off\u00bb][et_pb_row _builder_version=\u00bb3.25&#8243; background_size=\u00bbinitial\u00bb background_position=\u00bbtop_left\u00bb background_repeat=\u00bbrepeat\u00bb width=\u00bb100%\u00bb custom_padding=\u00bb0px||0px||false|false\u00bb][et_pb_column type=\u00bb4_4&#8243; _builder_version=\u00bb3.25&#8243; custom_padding=\u00bb|||\u00bb custom_padding__hover=\u00bb|||\u00bb][et_pb_wc_cart_notice _builder_version=\u00bb4.7.4&#8243; background_color=\u00bb#004990&#8243; custom_button=\u00bbon\u00bb button_text_size=\u00bb17px\u00bb button_text_color=\u00bb#004990&#8243; button_border_radius=\u00bb0px\u00bb button_use_icon=\u00bboff\u00bb button_custom_margin=\u00bb-3px||10px||false|false\u00bb custom_padding=\u00bb15px|15px|0px|15px|false|false\u00bb][\/et_pb_wc_cart_notice][\/et_pb_column][\/et_pb_row][et_pb_row column_structure=\u00bb1_2,1_2&#8243; _builder_version=\u00bb3.25&#8243; background_size=\u00bbinitial\u00bb background_position=\u00bbtop_left\u00bb background_repeat=\u00bbrepeat\u00bb width=\u00bb100%\u00bb custom_padding=\u00bb0px||||false|false\u00bb][et_pb_column type=\u00bb1_2&#8243; _builder_version=\u00bb3.25&#8243; custom_padding=\u00bb|||\u00bb custom_padding__hover=\u00bb|||\u00bb][et_pb_wc_images _builder_version=\u00bb3.0.47&#8243;][\/et_pb_wc_images][\/et_pb_column][et_pb_column type=\u00bb1_2&#8243; _builder_version=\u00bb3.25&#8243; custom_padding=\u00bb|||\u00bb custom_padding__hover=\u00bb|||\u00bb][et_pb_wc_title _builder_version=\u00bb4.7.4&#8243; header_font=\u00bbGlegoo||||||||\u00bb][\/et_pb_wc_title][et_pb_wc_price _builder_version=\u00bb3.0.47&#8243;][\/et_pb_wc_price][et_pb_wc_description _builder_version=\u00bb3.0.47&#8243;][\/et_pb_wc_description][et_pb_wc_add_to_cart _builder_version=\u00bb3.0.47&#8243;][\/et_pb_wc_add_to_cart][et_pb_wc_meta _builder_version=\u00bb3.0.47&#8243;][\/et_pb_wc_meta][\/et_pb_column][\/et_pb_row][et_pb_row _builder_version=\u00bb4.7.4&#8243; background_size=\u00bbinitial\u00bb background_position=\u00bbtop_left\u00bb background_repeat=\u00bbrepeat\u00bb width=\u00bb100%\u00bb custom_padding=\u00bb0px||||false|false\u00bb][et_pb_column type=\u00bb4_4&#8243; _builder_version=\u00bb3.25&#8243; custom_padding=\u00bb|||\u00bb custom_padding__hover=\u00bb|||\u00bb][et_pb_text _builder_version=\u00bb4.7.4&#8243; _module_preset=\u00bbdefault\u00bb header_font=\u00bbNoto Sans||||||||\u00bb header_3_font=\u00bbNoto Sans||||||||\u00bb header_3_font_size=\u00bb15px\u00bb header_4_font=\u00bbNoto Sans||||||||\u00bb]<\/p>\n<h4>PRESENTACI\u00d3N<\/h4>\n<p>Desarrollados seg\u00fan las normativas nacionales IRAM 2181-1, e internacionales IEC 60439-1, ofrecemos un dise\u00f1o orientado a satisfacer las necesidades del cliente, aseguramos un alto nivel de calidad. Teniendo presente siempre la sustentabilidad.<br \/>\nNuestra gama de tableros de baja tensi\u00f3n, aptos para la m\u00e1s amplia variedad de aplicaciones de la industria, miner\u00eda y la distribuci\u00f3n de energ\u00eda, est\u00e1n dise\u00f1ados desde un concepto modular para ajustarse a las configuraciones requeridas, ofreciendo seguridad al operador en las eventuales reparaciones o mantenimiento.<br \/>\nLa conformaci\u00f3n de los tableros pueden ser con puertas abisagradas en el frente y contra frente, ciegas o con vidrio laminado; laterales desmontables, techo fijo y piso removible para las acometidas de cables. Los cierres son del tipo falleba en tres puntos, con o sin llave; bisagras internas. Son provistos en forma individual, o acoplados entre si.<br \/>\nLos montajes se adaptan al equipamiento que el cliente requiera, interruptores en caja moldeada, termomagn\u00e9ticas, diferenciales, guardamotores, rel\u00e9s de protecci\u00f3n, etc. <\/p>\n<h4>CARACTER\u00cdSTICAS<\/h4>\n<p>Los gabinetes de uso interior, son construidos con chapa SAE 1010, espesor 1,5\/ 2mm, pintados electroest\u00e1ticamente, con pintura poliester en polvo termoconvertible color RAL 7032, o a pedido del cliente. La burloner\u00eda para las fijaciones estructurales son de acero cincado, los anclajes o empalmes<br \/>\nde barras se realizan con burloner\u00eda de acero calidad 8.8.<br \/>\nLos destinados a servicio intemperie, los lineamientos de fabricaci\u00f3n son similares, pintados con pintura poliuretanica, o acero inoxidable.<br \/>\n\u2022 Grado de protecci\u00f3n est\u00e1ndar IP-41.<br \/>\n\u2022 Tensi\u00f3n de aislamiento: 1000 V.<br \/>\n\u2022 Tensi\u00f3n nominal: 220 \/ 380 V.<br \/>\n\u2022 Frecuencia: 50 Hz.<br \/>\n\u2022 Corriente nominal: 400 hasta 3500 A.[\/et_pb_text][et_pb_wc_price _builder_version=\u00bb3.0.47&#8243;][\/et_pb_wc_price][et_pb_wc_add_to_cart _builder_version=\u00bb3.0.47&#8243;][\/et_pb_wc_add_to_cart][\/et_pb_column][\/et_pb_row][et_pb_row _builder_version=\u00bb4.7.4&#8243; _module_preset=\u00bbdefault\u00bb][et_pb_column type=\u00bb4_4&#8243; _builder_version=\u00bb4.7.4&#8243; _module_preset=\u00bbdefault\u00bb][et_pb_button button_url=\u00bbhttps:\/\/lagoelectromecanica.com\/wp-content\/uploads\/2020\/12\/Fo300R00-TABLEROS-DE-BAJA-TENSION.pdf\u00bb button_text=\u00bbDescargar ficha completa\u00bb button_alignment=\u00bbcenter\u00bb _builder_version=\u00bb4.7.4&#8243; _module_preset=\u00bbdefault\u00bb custom_button=\u00bbon\u00bb button_text_color=\u00bb#ffffff\u00bb button_bg_color=\u00bb#004990&#8243; button_border_width=\u00bb0px\u00bb button_border_radius=\u00bb0px\u00bb][\/et_pb_button][\/et_pb_column][\/et_pb_row][\/et_pb_section]<\/p>\n","protected":false},"excerpt":{"rendered":"<p>PRESENTACI\u00d3N Desarrollados seg\u00fan las normativas nacionales IRAM 2181-1, e internacionales IEC 60439-1, ofrecemos un dise\u00f1o orientado a satisfacer las necesidades del cliente, aseguramos un alto nivel de calidad. Teniendo presente siempre la sustentabilidad. Nuestra gama de tableros de baja tensi\u00f3n, aptos para la m\u00e1s amplia variedad de aplicaciones de la industria, miner\u00eda y la distribuci\u00f3n [&hellip;]<\/p>\n","protected":false},"featured_media":487,"comment_status":"open","ping_status":"closed","template":"","meta":{"_et_pb_use_builder":"on","_et_pb_old_content":"","_et_gb_content_width":""},"product_brand":[],"product_cat":[17],"product_tag":[],"class_list":{"0":"post-300","1":"product","2":"type-product","3":"status-publish","4":"has-post-thumbnail","6":"product_cat-sin-categorizar","8":"first","9":"instock","10":"shipping-taxable","11":"product-type-simple"},"_links":{"self":[{"href":"https:\/\/lagoelectromecanica.com\/index.php?rest_route=\/wp\/v2\/product\/300","targetHints":{"allow":["GET"]}}],"collection":[{"href":"https:\/\/lagoelectromecanica.com\/index.php?rest_route=\/wp\/v2\/product"}],"about":[{"href":"https:\/\/lagoelectromecanica.com\/index.php?rest_route=\/wp\/v2\/types\/product"}],"replies":[{"embeddable":true,"href":"https:\/\/lagoelectromecanica.com\/index.php?rest_route=%2Fwp%2Fv2%2Fcomments&post=300"}],"wp:featuredmedia":[{"embeddable":true,"href":"https:\/\/lagoelectromecanica.com\/index.php?rest_route=\/wp\/v2\/media\/487"}],"wp:attachment":[{"href":"https:\/\/lagoelectromecanica.com\/index.php?rest_route=%2Fwp%2Fv2%2Fmedia&parent=300"}],"wp:term":[{"taxonomy":"product_brand","embeddable":true,"href":"https:\/\/lagoelectromecanica.com\/index.php?rest_route=%2Fwp%2Fv2%2Fproduct_brand&post=300"},{"taxonomy":"product_cat","embeddable":true,"href":"https:\/\/lagoelectromecanica.com\/index.php?rest_route=%2Fwp%2Fv2%2Fproduct_cat&post=300"},{"taxonomy":"product_tag","embeddable":true,"href":"https:\/\/lagoelectromecanica.com\/index.php?rest_route=%2Fwp%2Fv2%2Fproduct_tag&post=300"}],"curies":[{"name":"wp","href":"https:\/\/api.w.org\/{rel}","templated":true}]}}