{"id":278,"date":"2020-12-18T21:09:32","date_gmt":"2020-12-18T21:09:32","guid":{"rendered":"https:\/\/lagoelectromecanica.com\/?post_type=product&#038;p=278"},"modified":"2020-12-30T19:27:59","modified_gmt":"2020-12-30T19:27:59","slug":"bases-fusibles-seccionable","status":"publish","type":"product","link":"https:\/\/lagoelectromecanica.com\/?product=bases-fusibles-seccionable","title":{"rendered":"BASES FUSIBLES SECCIONABLE"},"content":{"rendered":"<p>[et_pb_section fb_built=\u00bb1&#8243; _builder_version=\u00bb3.22&#8243; custom_padding=\u00bb0px||||false|false\u00bb da_disable_devices=\u00bboff|off|off\u00bb da_is_popup=\u00bboff\u00bb da_exit_intent=\u00bboff\u00bb da_has_close=\u00bbon\u00bb da_alt_close=\u00bboff\u00bb da_dark_close=\u00bboff\u00bb da_not_modal=\u00bbon\u00bb da_is_singular=\u00bboff\u00bb da_with_loader=\u00bboff\u00bb da_has_shadow=\u00bbon\u00bb][et_pb_row _builder_version=\u00bb3.25&#8243; background_size=\u00bbinitial\u00bb background_position=\u00bbtop_left\u00bb background_repeat=\u00bbrepeat\u00bb width=\u00bb100%\u00bb custom_padding=\u00bb0px||0px||false|false\u00bb][et_pb_column type=\u00bb4_4&#8243; _builder_version=\u00bb3.25&#8243; custom_padding=\u00bb|||\u00bb custom_padding__hover=\u00bb|||\u00bb][et_pb_wc_cart_notice _builder_version=\u00bb4.7.4&#8243; background_color=\u00bb#004990&#8243; custom_button=\u00bbon\u00bb button_text_size=\u00bb17px\u00bb button_text_color=\u00bb#004990&#8243; button_border_radius=\u00bb0px\u00bb button_use_icon=\u00bboff\u00bb button_custom_margin=\u00bb-3px||10px||false|false\u00bb custom_padding=\u00bb15px|15px|0px|15px|false|false\u00bb][\/et_pb_wc_cart_notice][\/et_pb_column][\/et_pb_row][et_pb_row column_structure=\u00bb1_2,1_2&#8243; _builder_version=\u00bb3.25&#8243; background_size=\u00bbinitial\u00bb background_position=\u00bbtop_left\u00bb background_repeat=\u00bbrepeat\u00bb width=\u00bb100%\u00bb custom_padding=\u00bb0px||||false|false\u00bb][et_pb_column type=\u00bb1_2&#8243; _builder_version=\u00bb3.25&#8243; custom_padding=\u00bb|||\u00bb custom_padding__hover=\u00bb|||\u00bb][et_pb_wc_images _builder_version=\u00bb4.7.4&#8243; height=\u00bb1000px\u00bb][\/et_pb_wc_images][\/et_pb_column][et_pb_column type=\u00bb1_2&#8243; _builder_version=\u00bb3.25&#8243; custom_padding=\u00bb|||\u00bb custom_padding__hover=\u00bb|||\u00bb][et_pb_wc_title _builder_version=\u00bb4.7.4&#8243; header_font=\u00bbGlegoo||||||||\u00bb][\/et_pb_wc_title][et_pb_text admin_label=\u00bbTexto\u00bb _builder_version=\u00bb4.7.4&#8243; _module_preset=\u00bbdefault\u00bb text_font=\u00bbGlegoo||||||||\u00bb]series LBF-EF USO EXTERIOR<br \/>\n17,5 \/ 24 \/ 36kV &#8211; 400 A[\/et_pb_text][et_pb_wc_price _builder_version=\u00bb3.0.47&#8243;][\/et_pb_wc_price][et_pb_wc_description _builder_version=\u00bb3.0.47&#8243;][\/et_pb_wc_description][et_pb_wc_add_to_cart _builder_version=\u00bb3.0.47&#8243;][\/et_pb_wc_add_to_cart][\/et_pb_column][\/et_pb_row][et_pb_row _builder_version=\u00bb4.7.4&#8243; background_size=\u00bbinitial\u00bb background_position=\u00bbtop_left\u00bb background_repeat=\u00bbrepeat\u00bb width=\u00bb100%\u00bb custom_padding=\u00bb0px||||false|false\u00bb][et_pb_column type=\u00bb4_4&#8243; _builder_version=\u00bb3.25&#8243; custom_padding=\u00bb|||\u00bb custom_padding__hover=\u00bb|||\u00bb][et_pb_text _builder_version=\u00bb4.7.4&#8243; _module_preset=\u00bbdefault\u00bb header_font=\u00bbNoto Sans||||||||\u00bb header_3_font=\u00bbNoto Sans||||||||\u00bb header_3_font_size=\u00bb15px\u00bb header_4_font=\u00bbNoto Sans||||||||\u00bb]<\/p>\n<h4>DESCRIPCI\u00d3N<\/h4>\n<p>Las bases-fusible tipo LBF-EF para usar con fusibles ACR (fusibles limitadores de corriente) son adecuadas para la protecci\u00f3n de transformadores, motores, bancos de capacitores y l\u00edneas en sistemas de distribuci\u00f3n intemperie con tensi\u00f3n nominal hasta 36 KV.<br \/>\nLa configuraci\u00f3n de montaje de las bases-fusible LBF es del tipo vertical con apertura de 180\u00ba. El contacto superior es suministrado con un dispositivo de pestillo que otorga un seguro bloqueo en posici\u00f3n cerrado. El contacto inferior soporta un sistema de tipo bisagra que provee auto-alineaci\u00f3n de la base durante la operaci\u00f3n de apertura y cierre. La operaci\u00f3n de instalaci\u00f3n \u00f3 extracci\u00f3n del fusible es mediante una p\u00e9rtiga aislada (cuando el circuito est\u00e1 sin carga). Las bases LBF se fabrican de acuerdo a las normas internacionales siguientes: IEC 60282 &#8211; 1 y DIN 43625.<\/p>\n<h4>AISLADORES<\/h4>\n<p>Las bases-fusibles tipo LBF-EF pueden suministrarse con diferentes aisladores tipo soporte tales como de porcelana, resina cicloalif\u00e1tica \u00f3 polim\u00e9rico compuesto en goma de silicona.<\/p>\n<h4>ACCESORIOS<\/h4>\n<p>Los accesorios para obtener bases-fusibles tripolares son suministrados adicionalmente, comprenden dos travesa\u00f1os se acero, juego de abrazaderas y placas de montaje para fijaci\u00f3n.<\/p>\n<h4>MANIPULEO DEL FUSIBLE<\/h4>\n<p>Los fusibles son provistos con un de anillo-tirador y ojal de izaje para facilitar el manipuleo con p\u00e9rtiga aislada durante las tareas de instalaci\u00f3n y reemplazo de los fusibles. Las operaciones de apertura y\/o cierre se realizan siempre sin carga.<br \/>\n\u2022 Apertura: El operador inserta la p\u00e9rtiga en el anillo-tirador y hace girar el fusible 180\u00ba hasta alcanzar la posici\u00f3n abierta en forma completa.<br \/>\n\u2022 Extracci\u00f3n: El operador inserta la p\u00e9rtiga en el ojal de izaje, mueve la misma hacia arriba y hacia afuera de la bisagra para bajar el fusible hasta el nivel del piso.[\/et_pb_text][et_pb_wc_price _builder_version=\u00bb3.0.47&#8243;][\/et_pb_wc_price][et_pb_wc_add_to_cart _builder_version=\u00bb3.0.47&#8243;][\/et_pb_wc_add_to_cart][\/et_pb_column][\/et_pb_row][et_pb_row _builder_version=\u00bb4.7.4&#8243; _module_preset=\u00bbdefault\u00bb][et_pb_column type=\u00bb4_4&#8243; _builder_version=\u00bb4.7.4&#8243; _module_preset=\u00bbdefault\u00bb][et_pb_button button_url=\u00bbhttps:\/\/lagoelectromecanica.com\/wp-content\/uploads\/2020\/12\/Fo216R01-SERIE-LBF-EF-USO-EXTERIOR.pdf\u00bb button_text=\u00bbDescargar ficha completa\u00bb button_alignment=\u00bbcenter\u00bb _builder_version=\u00bb4.7.4&#8243; _module_preset=\u00bbdefault\u00bb custom_button=\u00bbon\u00bb button_text_color=\u00bb#ffffff\u00bb button_bg_color=\u00bb#004990&#8243; button_border_width=\u00bb0px\u00bb button_border_radius=\u00bb0px\u00bb][\/et_pb_button][\/et_pb_column][\/et_pb_row][\/et_pb_section]<\/p>\n","protected":false},"excerpt":{"rendered":"<p>series LBF-EF USO EXTERIOR 17,5 \/ 24 \/ 36kV &#8211; 400 ADESCRIPCI\u00d3N Las bases-fusible tipo LBF-EF para usar con fusibles ACR (fusibles limitadores de corriente) son adecuadas para la protecci\u00f3n de transformadores, motores, bancos de capacitores y l\u00edneas en sistemas de distribuci\u00f3n intemperie con tensi\u00f3n nominal hasta 36 KV. La configuraci\u00f3n de montaje de las [&hellip;]<\/p>\n","protected":false},"featured_media":490,"comment_status":"open","ping_status":"closed","template":"","meta":{"_et_pb_use_builder":"on","_et_pb_old_content":"","_et_gb_content_width":""},"product_brand":[],"product_cat":[17],"product_tag":[],"class_list":{"0":"post-278","1":"product","2":"type-product","3":"status-publish","4":"has-post-thumbnail","6":"product_cat-sin-categorizar","8":"first","9":"instock","10":"shipping-taxable","11":"product-type-simple"},"_links":{"self":[{"href":"https:\/\/lagoelectromecanica.com\/index.php?rest_route=\/wp\/v2\/product\/278","targetHints":{"allow":["GET"]}}],"collection":[{"href":"https:\/\/lagoelectromecanica.com\/index.php?rest_route=\/wp\/v2\/product"}],"about":[{"href":"https:\/\/lagoelectromecanica.com\/index.php?rest_route=\/wp\/v2\/types\/product"}],"replies":[{"embeddable":true,"href":"https:\/\/lagoelectromecanica.com\/index.php?rest_route=%2Fwp%2Fv2%2Fcomments&post=278"}],"wp:featuredmedia":[{"embeddable":true,"href":"https:\/\/lagoelectromecanica.com\/index.php?rest_route=\/wp\/v2\/media\/490"}],"wp:attachment":[{"href":"https:\/\/lagoelectromecanica.com\/index.php?rest_route=%2Fwp%2Fv2%2Fmedia&parent=278"}],"wp:term":[{"taxonomy":"product_brand","embeddable":true,"href":"https:\/\/lagoelectromecanica.com\/index.php?rest_route=%2Fwp%2Fv2%2Fproduct_brand&post=278"},{"taxonomy":"product_cat","embeddable":true,"href":"https:\/\/lagoelectromecanica.com\/index.php?rest_route=%2Fwp%2Fv2%2Fproduct_cat&post=278"},{"taxonomy":"product_tag","embeddable":true,"href":"https:\/\/lagoelectromecanica.com\/index.php?rest_route=%2Fwp%2Fv2%2Fproduct_tag&post=278"}],"curies":[{"name":"wp","href":"https:\/\/api.w.org\/{rel}","templated":true}]}}