{"id":255,"date":"2020-12-18T20:41:55","date_gmt":"2020-12-18T20:41:55","guid":{"rendered":"https:\/\/lagoelectromecanica.com\/?post_type=product&#038;p=255"},"modified":"2020-12-30T19:29:21","modified_gmt":"2020-12-30T19:29:21","slug":"seccionadores-de-dos-columnas-apertura-central-uso-exterior","status":"publish","type":"product","link":"https:\/\/lagoelectromecanica.com\/?product=seccionadores-de-dos-columnas-apertura-central-uso-exterior","title":{"rendered":"SECCIONADORES DE DOS COLUMNAS APERTURA CENTRAL, USO EXTERIOR"},"content":{"rendered":"<p>[et_pb_section fb_built=\u00bb1&#8243; _builder_version=\u00bb3.22&#8243; custom_padding=\u00bb0px||||false|false\u00bb da_disable_devices=\u00bboff|off|off\u00bb da_is_popup=\u00bboff\u00bb da_exit_intent=\u00bboff\u00bb da_has_close=\u00bbon\u00bb da_alt_close=\u00bboff\u00bb da_dark_close=\u00bboff\u00bb da_not_modal=\u00bbon\u00bb da_is_singular=\u00bboff\u00bb da_with_loader=\u00bboff\u00bb da_has_shadow=\u00bbon\u00bb][et_pb_row _builder_version=\u00bb3.25&#8243; background_size=\u00bbinitial\u00bb background_position=\u00bbtop_left\u00bb background_repeat=\u00bbrepeat\u00bb width=\u00bb100%\u00bb custom_padding=\u00bb0px||0px||false|false\u00bb][et_pb_column type=\u00bb4_4&#8243; _builder_version=\u00bb3.25&#8243; custom_padding=\u00bb|||\u00bb custom_padding__hover=\u00bb|||\u00bb][et_pb_wc_cart_notice _builder_version=\u00bb4.7.4&#8243; background_color=\u00bb#004990&#8243; custom_button=\u00bbon\u00bb button_text_size=\u00bb17px\u00bb button_text_color=\u00bb#004990&#8243; button_border_radius=\u00bb0px\u00bb button_use_icon=\u00bboff\u00bb button_custom_margin=\u00bb-3px||10px||false|false\u00bb custom_padding=\u00bb15px|15px|0px|15px|false|false\u00bb][\/et_pb_wc_cart_notice][\/et_pb_column][\/et_pb_row][et_pb_row column_structure=\u00bb1_2,1_2&#8243; _builder_version=\u00bb3.25&#8243; background_size=\u00bbinitial\u00bb background_position=\u00bbtop_left\u00bb background_repeat=\u00bbrepeat\u00bb width=\u00bb100%\u00bb custom_padding=\u00bb0px||||false|false\u00bb][et_pb_column type=\u00bb1_2&#8243; _builder_version=\u00bb3.25&#8243; custom_padding=\u00bb|||\u00bb custom_padding__hover=\u00bb|||\u00bb][et_pb_wc_images _builder_version=\u00bb3.0.47&#8243;][\/et_pb_wc_images][\/et_pb_column][et_pb_column type=\u00bb1_2&#8243; _builder_version=\u00bb3.25&#8243; custom_padding=\u00bb|||\u00bb custom_padding__hover=\u00bb|||\u00bb][et_pb_wc_title _builder_version=\u00bb4.7.4&#8243; header_font=\u00bbGlegoo||||||||\u00bb][\/et_pb_wc_title][et_pb_text _builder_version=\u00bb4.7.4&#8243; _module_preset=\u00bbdefault\u00bb text_font=\u00bbGlegoo||||||||\u00bb]serie SLA-2C<br \/>\nUn = 72,5 a 245 kV<br \/>\nIn = 800 a 3150 A[\/et_pb_text][et_pb_wc_price _builder_version=\u00bb3.0.47&#8243;][\/et_pb_wc_price][\/et_pb_column][\/et_pb_row][et_pb_row _builder_version=\u00bb4.7.4&#8243; background_size=\u00bbinitial\u00bb background_position=\u00bbtop_left\u00bb background_repeat=\u00bbrepeat\u00bb width=\u00bb100%\u00bb custom_padding=\u00bb0px||||false|false\u00bb][et_pb_column type=\u00bb4_4&#8243; _builder_version=\u00bb3.25&#8243; custom_padding=\u00bb|||\u00bb custom_padding__hover=\u00bb|||\u00bb][et_pb_text _builder_version=\u00bb4.7.4&#8243; _module_preset=\u00bbdefault\u00bb header_font=\u00bbNoto Sans||||||||\u00bb header_3_font=\u00bbNoto Sans||||||||\u00bb header_3_font_size=\u00bb15px\u00bb header_4_font=\u00bbNoto Sans||||||||\u00bb]<\/p>\n<h4>PRESENTACI\u00d3N<\/h4>\n<p>Los seccionadores de 2 columnas para intemperie de la serie SLA-2C se caracterizan por ejecutar una interrupci\u00f3n horizontal central.<br \/>\nPoseen dos aisladores rotantes por cada polo. Est\u00e1n dise\u00f1ados y se construyen conforme a las recomendaciones IEC 62271-102 Caracter\u00edsticas principales de los seccionadores serie SLA-2C:<br \/>\n\u2022 Construcci\u00f3n simplificada, que asegura un funcionamiento correcto, y reduce al m\u00ednimo el mantenimiento.<br \/>\n\u2022 Bastidor soporte de columnas elaborado en acero galvanizado en caliente.<br \/>\n\u2022 Parte activa conformada por brazos de aluminio, de elevadas caracteristicas de conductividad el\u00e9ctrica y resistencia mec\u00e1nica. Los contactos est\u00e1n conformados por un perno cil\u00edndrico o planchuela curvada, seg\u00fan intensidad nominal, y pares de cuchillas de cobre electrol\u00edtico autocomprimidas por resortes de acero inoxidable que le otorgan una adecuada presi\u00f3n de contacto. Las zonas de contacto reciben un tratamiento de plateado.<br \/>\n\u2022 Conexi\u00f3n mediante pernos cil\u00edndricos.<\/p>\n<h4>DISPOSITIVOS DE PUESTA A TIERRA<\/h4>\n<p>Los seccionadores de 2 columnas pueden estar equipados con cuchillas de puesta a tierra, aptas para soportar la corriente t\u00e9rmica y din\u00e1mica del seccionador (serie SLAT 2C). El dispositivo de puesta a tierra esta provisto de un enclavamiento que impide el cierre de las cuchillas de tierra si los contactos principales est\u00e1n en posici\u00f3n cerrado y viceversa.<\/p>\n<h4>DISPOSITIVOS DE MANIOBRA<\/h4>\n<p>Los seccionadores tipo SLA-2C pueden accionarse mediante los siguientes dispositivos:<br \/>\n\u2022 Comando manual.<br \/>\n\u2022 Comando a motor.[\/et_pb_text][et_pb_wc_price _builder_version=\u00bb3.0.47&#8243;][\/et_pb_wc_price][et_pb_wc_add_to_cart _builder_version=\u00bb3.0.47&#8243;][\/et_pb_wc_add_to_cart][\/et_pb_column][\/et_pb_row][et_pb_row _builder_version=\u00bb4.7.4&#8243; _module_preset=\u00bbdefault\u00bb][et_pb_column type=\u00bb4_4&#8243; _builder_version=\u00bb4.7.4&#8243; _module_preset=\u00bbdefault\u00bb][et_pb_button button_url=\u00bbhttps:\/\/lagoelectromecanica.com\/wp-content\/uploads\/2020\/12\/Fo211R07-SERIE-SLA-2C.pdf\u00bb button_text=\u00bbDescargar ficha completa\u00bb button_alignment=\u00bbcenter\u00bb _builder_version=\u00bb4.7.4&#8243; _module_preset=\u00bbdefault\u00bb custom_button=\u00bbon\u00bb button_text_color=\u00bb#ffffff\u00bb button_bg_color=\u00bb#004990&#8243; button_border_width=\u00bb0px\u00bb button_border_radius=\u00bb0px\u00bb][\/et_pb_button][\/et_pb_column][\/et_pb_row][\/et_pb_section]<\/p>\n","protected":false},"excerpt":{"rendered":"<p>serie SLA-2C Un = 72,5 a 245 kV In = 800 a 3150 APRESENTACI\u00d3N Los seccionadores de 2 columnas para intemperie de la serie SLA-2C se caracterizan por ejecutar una interrupci\u00f3n horizontal central. Poseen dos aisladores rotantes por cada polo. Est\u00e1n dise\u00f1ados y se construyen conforme a las recomendaciones IEC 62271-102 Caracter\u00edsticas principales de los [&hellip;]<\/p>\n","protected":false},"featured_media":494,"comment_status":"open","ping_status":"closed","template":"","meta":{"_et_pb_use_builder":"on","_et_pb_old_content":"","_et_gb_content_width":""},"product_brand":[],"product_cat":[17],"product_tag":[],"class_list":{"0":"post-255","1":"product","2":"type-product","3":"status-publish","4":"has-post-thumbnail","6":"product_cat-sin-categorizar","8":"first","9":"instock","10":"shipping-taxable","11":"product-type-simple"},"_links":{"self":[{"href":"https:\/\/lagoelectromecanica.com\/index.php?rest_route=\/wp\/v2\/product\/255","targetHints":{"allow":["GET"]}}],"collection":[{"href":"https:\/\/lagoelectromecanica.com\/index.php?rest_route=\/wp\/v2\/product"}],"about":[{"href":"https:\/\/lagoelectromecanica.com\/index.php?rest_route=\/wp\/v2\/types\/product"}],"replies":[{"embeddable":true,"href":"https:\/\/lagoelectromecanica.com\/index.php?rest_route=%2Fwp%2Fv2%2Fcomments&post=255"}],"wp:featuredmedia":[{"embeddable":true,"href":"https:\/\/lagoelectromecanica.com\/index.php?rest_route=\/wp\/v2\/media\/494"}],"wp:attachment":[{"href":"https:\/\/lagoelectromecanica.com\/index.php?rest_route=%2Fwp%2Fv2%2Fmedia&parent=255"}],"wp:term":[{"taxonomy":"product_brand","embeddable":true,"href":"https:\/\/lagoelectromecanica.com\/index.php?rest_route=%2Fwp%2Fv2%2Fproduct_brand&post=255"},{"taxonomy":"product_cat","embeddable":true,"href":"https:\/\/lagoelectromecanica.com\/index.php?rest_route=%2Fwp%2Fv2%2Fproduct_cat&post=255"},{"taxonomy":"product_tag","embeddable":true,"href":"https:\/\/lagoelectromecanica.com\/index.php?rest_route=%2Fwp%2Fv2%2Fproduct_tag&post=255"}],"curies":[{"name":"wp","href":"https:\/\/api.w.org\/{rel}","templated":true}]}}