{"id":240,"date":"2020-12-18T20:08:58","date_gmt":"2020-12-18T20:08:58","guid":{"rendered":"https:\/\/lagoelectromecanica.com\/?post_type=product&#038;p=240"},"modified":"2020-12-30T19:29:51","modified_gmt":"2020-12-30T19:29:51","slug":"seccionador-en-linea-tensada","status":"publish","type":"product","link":"https:\/\/lagoelectromecanica.com\/?product=seccionador-en-linea-tensada","title":{"rendered":"SECCIONADOR EN LINEA TENSADA"},"content":{"rendered":"<p>[et_pb_section fb_built=\u00bb1&#8243; _builder_version=\u00bb3.22&#8243; custom_padding=\u00bb0px||||false|false\u00bb da_disable_devices=\u00bboff|off|off\u00bb da_is_popup=\u00bboff\u00bb da_exit_intent=\u00bboff\u00bb da_has_close=\u00bbon\u00bb da_alt_close=\u00bboff\u00bb da_dark_close=\u00bboff\u00bb da_not_modal=\u00bbon\u00bb da_is_singular=\u00bboff\u00bb da_with_loader=\u00bboff\u00bb da_has_shadow=\u00bbon\u00bb][et_pb_row _builder_version=\u00bb3.25&#8243; background_size=\u00bbinitial\u00bb background_position=\u00bbtop_left\u00bb background_repeat=\u00bbrepeat\u00bb width=\u00bb100%\u00bb custom_padding=\u00bb0px||0px||false|false\u00bb][et_pb_column type=\u00bb4_4&#8243; _builder_version=\u00bb3.25&#8243; custom_padding=\u00bb|||\u00bb custom_padding__hover=\u00bb|||\u00bb][et_pb_wc_cart_notice _builder_version=\u00bb4.7.4&#8243; background_color=\u00bb#004990&#8243; custom_button=\u00bbon\u00bb button_text_size=\u00bb17px\u00bb button_text_color=\u00bb#004990&#8243; button_border_radius=\u00bb0px\u00bb button_use_icon=\u00bboff\u00bb button_custom_margin=\u00bb-3px||10px||false|false\u00bb custom_padding=\u00bb15px|15px|0px|15px|false|false\u00bb][\/et_pb_wc_cart_notice][\/et_pb_column][\/et_pb_row][et_pb_row column_structure=\u00bb1_2,1_2&#8243; _builder_version=\u00bb3.25&#8243; background_size=\u00bbinitial\u00bb background_position=\u00bbtop_left\u00bb background_repeat=\u00bbrepeat\u00bb width=\u00bb100%\u00bb custom_padding=\u00bb0px||||false|false\u00bb][et_pb_column type=\u00bb1_2&#8243; _builder_version=\u00bb3.25&#8243; custom_padding=\u00bb|||\u00bb custom_padding__hover=\u00bb|||\u00bb][et_pb_wc_images _builder_version=\u00bb3.0.47&#8243;][\/et_pb_wc_images][\/et_pb_column][et_pb_column type=\u00bb1_2&#8243; _builder_version=\u00bb3.25&#8243; custom_padding=\u00bb|||\u00bb custom_padding__hover=\u00bb|||\u00bb][et_pb_wc_title _builder_version=\u00bb4.7.4&#8243; header_font=\u00bbGlegoo||||||||\u00bb][\/et_pb_wc_title][et_pb_text _builder_version=\u00bb4.7.4&#8243; _module_preset=\u00bbdefault\u00bb text_font=\u00bbGlegoo||||||||\u00bb]tipo SGLT<br \/>\n15 \/ 27 \/ 38 \/ 72.5 KV &#8211; 630 A[\/et_pb_text][et_pb_wc_price _builder_version=\u00bb3.0.47&#8243;][\/et_pb_wc_price][et_pb_wc_description _builder_version=\u00bb3.0.47&#8243;][\/et_pb_wc_description][et_pb_wc_add_to_cart _builder_version=\u00bb3.0.47&#8243;][\/et_pb_wc_add_to_cart][\/et_pb_column][\/et_pb_row][et_pb_row _builder_version=\u00bb4.7.4&#8243; background_size=\u00bbinitial\u00bb background_position=\u00bbtop_left\u00bb background_repeat=\u00bbrepeat\u00bb width=\u00bb100%\u00bb custom_padding=\u00bb0px||||false|false\u00bb][et_pb_column type=\u00bb4_4&#8243; _builder_version=\u00bb3.25&#8243; custom_padding=\u00bb|||\u00bb custom_padding__hover=\u00bb|||\u00bb][et_pb_text _builder_version=\u00bb4.7.4&#8243; _module_preset=\u00bbdefault\u00bb header_font=\u00bbNoto Sans||||||||\u00bb header_3_font=\u00bbNoto Sans||||||||\u00bb header_3_font_size=\u00bb15px\u00bb header_4_font=\u00bbNoto Sans||||||||\u00bb]<\/p>\n<h4>PRESENTACI\u00d3N<\/h4>\n<p>El seccionador unipolar en l\u00ednea tensada SGLT es utilizado para el seccionamiento de l\u00edneas \u00f3 aislamiento de equipamiento en sistemas de distribuci\u00f3n a\u00e9rea de 15 KV hasta 69 KV.<br \/>\nSe utilizan aisladores polim\u00e9ricos de silicona resultando un seccionador de peso muy liviano. El seccionador SGLT es de f\u00e1cil instalaci\u00f3n en la l\u00ednea elimin\u00e1ndose la necesidad de montaje en poste.<\/p>\n<p>Fabricado y ensayado de acuerdo con las normas IEC\/ANSI.<\/p>\n<h4>CARACTER\u00cdSTICAS DE DISE\u00d1O<\/h4>\n<p>\u2022 Se utilizan como base de montaje aisladores de silicona aptos para proporcionar una adecuada l\u00ednea de fuga y capacidad aislaci\u00f3n (BIL).<br \/>\n\u2022 Cuchillas de cobre de alta conductividad dise\u00f1adas para proveer m\u00e1xima resistencia y rigidez.<br \/>\n\u2022 Contactos plateados tipo lineal de alta presi\u00f3n, auto-limpiantes, con resortes de acero inoxidable.<br \/>\n\u2022 Traba de seguridad cargada a resorte que evita aperturas no deseadas en caso de esfuerzos por corrientes de corto circuito y vibraciones.<br \/>\n\u2022 Terminales para conexi\u00f3n de l\u00ednea con dos agujeros seg\u00fan NEMA.<\/p>\n<h4>OPERACI\u00d3N<\/h4>\n<p>Para la operaci\u00f3n los seccionadores SGLT cuentan con un anillo de bronce ubicado en un extremo de la cuchilla requiri\u00e9ndose un m\u00ednimo esfuerzo para abrir \u00f3 cerrar el mismo. La operaci\u00f3n es realizada desde el nivel de piso mediante p\u00e9rtiga aislada.<br \/>\nLos seccionadores hasta 38 KV pueden ser provistos con la opci\u00f3n de gancho de acero galvanizado para accionamiento con herramienta Loadbuster.<\/p>\n<h4>OPCIONALES<\/h4>\n<p>\u2022 Conectores para cable.<br \/>\n\u2022 Gancho para herramienta loadbuster.[\/et_pb_text][et_pb_wc_price _builder_version=\u00bb3.0.47&#8243;][\/et_pb_wc_price][et_pb_wc_add_to_cart _builder_version=\u00bb3.0.47&#8243;][\/et_pb_wc_add_to_cart][\/et_pb_column][\/et_pb_row][et_pb_row _builder_version=\u00bb4.7.4&#8243; _module_preset=\u00bbdefault\u00bb][et_pb_column type=\u00bb4_4&#8243; _builder_version=\u00bb4.7.4&#8243; _module_preset=\u00bbdefault\u00bb][et_pb_button button_url=\u00bbhttps:\/\/lagoelectromecanica.com\/wp-content\/uploads\/2020\/12\/Fo209R01-TIPO-SGLT.pdf\u00bb button_text=\u00bbDescargar ficha completa\u00bb button_alignment=\u00bbcenter\u00bb _builder_version=\u00bb4.7.4&#8243; _module_preset=\u00bbdefault\u00bb custom_button=\u00bbon\u00bb button_text_color=\u00bb#ffffff\u00bb button_bg_color=\u00bb#004990&#8243; button_border_width=\u00bb0px\u00bb button_border_radius=\u00bb0px\u00bb][\/et_pb_button][\/et_pb_column][\/et_pb_row][\/et_pb_section]<\/p>\n","protected":false},"excerpt":{"rendered":"<p>tipo SGLT 15 \/ 27 \/ 38 \/ 72.5 KV &#8211; 630 APRESENTACI\u00d3N El seccionador unipolar en l\u00ednea tensada SGLT es utilizado para el seccionamiento de l\u00edneas \u00f3 aislamiento de equipamiento en sistemas de distribuci\u00f3n a\u00e9rea de 15 KV hasta 69 KV. Se utilizan aisladores polim\u00e9ricos de silicona resultando un seccionador de peso muy liviano. [&hellip;]<\/p>\n","protected":false},"featured_media":496,"comment_status":"open","ping_status":"closed","template":"","meta":{"_et_pb_use_builder":"on","_et_pb_old_content":"","_et_gb_content_width":""},"product_brand":[],"product_cat":[17],"product_tag":[],"class_list":{"0":"post-240","1":"product","2":"type-product","3":"status-publish","4":"has-post-thumbnail","6":"product_cat-sin-categorizar","8":"first","9":"instock","10":"shipping-taxable","11":"product-type-simple"},"_links":{"self":[{"href":"https:\/\/lagoelectromecanica.com\/index.php?rest_route=\/wp\/v2\/product\/240","targetHints":{"allow":["GET"]}}],"collection":[{"href":"https:\/\/lagoelectromecanica.com\/index.php?rest_route=\/wp\/v2\/product"}],"about":[{"href":"https:\/\/lagoelectromecanica.com\/index.php?rest_route=\/wp\/v2\/types\/product"}],"replies":[{"embeddable":true,"href":"https:\/\/lagoelectromecanica.com\/index.php?rest_route=%2Fwp%2Fv2%2Fcomments&post=240"}],"wp:featuredmedia":[{"embeddable":true,"href":"https:\/\/lagoelectromecanica.com\/index.php?rest_route=\/wp\/v2\/media\/496"}],"wp:attachment":[{"href":"https:\/\/lagoelectromecanica.com\/index.php?rest_route=%2Fwp%2Fv2%2Fmedia&parent=240"}],"wp:term":[{"taxonomy":"product_brand","embeddable":true,"href":"https:\/\/lagoelectromecanica.com\/index.php?rest_route=%2Fwp%2Fv2%2Fproduct_brand&post=240"},{"taxonomy":"product_cat","embeddable":true,"href":"https:\/\/lagoelectromecanica.com\/index.php?rest_route=%2Fwp%2Fv2%2Fproduct_cat&post=240"},{"taxonomy":"product_tag","embeddable":true,"href":"https:\/\/lagoelectromecanica.com\/index.php?rest_route=%2Fwp%2Fv2%2Fproduct_tag&post=240"}],"curies":[{"name":"wp","href":"https:\/\/api.w.org\/{rel}","templated":true}]}}