{"id":189,"date":"2020-12-18T17:02:28","date_gmt":"2020-12-18T17:02:28","guid":{"rendered":"https:\/\/lagoelectromecanica.com\/?post_type=product&#038;p=189"},"modified":"2020-12-30T19:31:24","modified_gmt":"2020-12-30T19:31:24","slug":"seccionadores-tripolares-bajo-carga-sbc","status":"publish","type":"product","link":"https:\/\/lagoelectromecanica.com\/?product=seccionadores-tripolares-bajo-carga-sbc","title":{"rendered":"SECCIONADORES TRIPOLARES BAJO CARGA &#8211; Serie SBCco"},"content":{"rendered":"<p>[et_pb_section fb_built=\u00bb1&#8243; _builder_version=\u00bb3.22&#8243; custom_padding=\u00bb0px||||false|false\u00bb da_disable_devices=\u00bboff|off|off\u00bb da_is_popup=\u00bboff\u00bb da_exit_intent=\u00bboff\u00bb da_has_close=\u00bbon\u00bb da_alt_close=\u00bboff\u00bb da_dark_close=\u00bboff\u00bb da_not_modal=\u00bbon\u00bb da_is_singular=\u00bboff\u00bb da_with_loader=\u00bboff\u00bb da_has_shadow=\u00bbon\u00bb][et_pb_row _builder_version=\u00bb3.25&#8243; background_size=\u00bbinitial\u00bb background_position=\u00bbtop_left\u00bb background_repeat=\u00bbrepeat\u00bb width=\u00bb100%\u00bb custom_padding=\u00bb0px||0px||false|false\u00bb][et_pb_column type=\u00bb4_4&#8243; _builder_version=\u00bb3.25&#8243; custom_padding=\u00bb|||\u00bb custom_padding__hover=\u00bb|||\u00bb][et_pb_wc_cart_notice _builder_version=\u00bb4.7.4&#8243; background_color=\u00bb#004990&#8243; custom_button=\u00bbon\u00bb button_text_size=\u00bb17px\u00bb button_text_color=\u00bb#004990&#8243; button_border_radius=\u00bb0px\u00bb button_use_icon=\u00bboff\u00bb button_custom_margin=\u00bb-3px||10px||false|false\u00bb custom_padding=\u00bb15px|15px|0px|15px|false|false\u00bb][\/et_pb_wc_cart_notice][\/et_pb_column][\/et_pb_row][et_pb_row column_structure=\u00bb1_2,1_2&#8243; _builder_version=\u00bb3.25&#8243; background_size=\u00bbinitial\u00bb background_position=\u00bbtop_left\u00bb background_repeat=\u00bbrepeat\u00bb width=\u00bb100%\u00bb custom_padding=\u00bb0px||||false|false\u00bb][et_pb_column type=\u00bb1_2&#8243; _builder_version=\u00bb3.25&#8243; custom_padding=\u00bb|||\u00bb custom_padding__hover=\u00bb|||\u00bb][et_pb_wc_images _builder_version=\u00bb3.0.47&#8243;][\/et_pb_wc_images][\/et_pb_column][et_pb_column type=\u00bb1_2&#8243; _builder_version=\u00bb3.25&#8243; custom_padding=\u00bb|||\u00bb custom_padding__hover=\u00bb|||\u00bb][et_pb_wc_title _builder_version=\u00bb4.7.4&#8243; header_font=\u00bbGlegoo||||||||\u00bb][\/et_pb_wc_title][et_pb_text _builder_version=\u00bb4.7.4&#8243; _module_preset=\u00bbdefault\u00bb text_font=\u00bbGlegoo||||||||\u00bb]serie SBCco, USO EXTERIOR,<br \/>\n17,5 &#8211; 25,8 &#8211; 38 kV 400 a 600 A[\/et_pb_text][et_pb_wc_price _builder_version=\u00bb3.0.47&#8243;][\/et_pb_wc_price][et_pb_wc_description _builder_version=\u00bb3.0.47&#8243;][\/et_pb_wc_description][et_pb_wc_add_to_cart _builder_version=\u00bb3.0.47&#8243;][\/et_pb_wc_add_to_cart][\/et_pb_column][\/et_pb_row][et_pb_row _builder_version=\u00bb4.7.4&#8243; background_size=\u00bbinitial\u00bb background_position=\u00bbtop_left\u00bb background_repeat=\u00bbrepeat\u00bb width=\u00bb100%\u00bb custom_padding=\u00bb0px||||false|false\u00bb][et_pb_column type=\u00bb4_4&#8243; _builder_version=\u00bb3.25&#8243; custom_padding=\u00bb|||\u00bb custom_padding__hover=\u00bb|||\u00bb][et_pb_text _builder_version=\u00bb4.7.4&#8243; _module_preset=\u00bbdefault\u00bb header_font=\u00bbNoto Sans||||||||\u00bb header_3_font=\u00bbNoto Sans||||||||\u00bb header_3_font_size=\u00bb15px\u00bb header_4_font=\u00bbNoto Sans||||||||\u00bb]<\/p>\n<h4>DESCRIPCI\u00d3N<\/h4>\n<p>El seccionador bajo carga LAGO, tipo SBCco combinado con fusible esta dise\u00f1ado para satisfacer las necesidades actuales de los clientes. El seccionador se combina con fusibles cutouts o fusibles HRC.<br \/>\nEste seccionador es una soluci\u00f3n principalmente para la protecci\u00f3n de los transformadores de distribuci\u00f3n y l\u00edneas a\u00e9reas.<br \/>\nPara minimizar el tiempo de instalaci\u00f3n en el campo, el seccionador est\u00e1 preensamblado ajustado y montado sobre dos cruceta. El seccionador SBCco est\u00e1 disponible en configuraci\u00f3n de montaje vertical.<\/p>\n<p>Normas de fabricaci\u00f3n IEC 62271-103, 62271-1, 60282; ANSI C37.34.<\/p>\n<h4>CONTACTOS<\/h4>\n<p>El dise\u00f1o utiliza las fuerzas magn\u00e9ticas que act\u00faan sobre los contactos y permite mantener una alta presi\u00f3n durante las condiciones de falla. Construido en cobre plateado, de alta conductividad proporcionan \u00e1reas de contacto fiables.<\/p>\n<h4>SECCIONADOR<\/h4>\n<p>El seccionador SBCco est\u00e1 equipado camaras tipo AR que proporcionan la interrupci\u00f3n de la corriente sin arco o llama externa.<\/p>\n<h4>CUCHILLAS<\/h4>\n<p>Las cuchillas est\u00e1n hechas de cobre plateado de alta conductividad para una m\u00e1xima capacidad de transporte de corriente.<\/p>\n<h4>DISPOSITIVOS DE MANIOBRA<\/h4>\n<p>Los seccionadores serie SBC pueden accionarse mediante los siguientes tipos de dispositivos:<br \/>\n\u2022 Comando a palanca manual.<br \/>\n\u2022 Comando manual con enclavamiento.<br \/>\n\u2022 Comando motorizado a control remoto y autom\u00e1tico.<br \/>\n\u2022 Comando motorizado aut\u00f3nomo operable a distancia con bater\u00edas y cargador 24 Vcc.[\/et_pb_text][et_pb_wc_price _builder_version=\u00bb3.0.47&#8243;][\/et_pb_wc_price][et_pb_wc_add_to_cart _builder_version=\u00bb3.0.47&#8243;][\/et_pb_wc_add_to_cart][\/et_pb_column][\/et_pb_row][et_pb_row _builder_version=\u00bb4.7.4&#8243; _module_preset=\u00bbdefault\u00bb][et_pb_column type=\u00bb4_4&#8243; _builder_version=\u00bb4.7.4&#8243; _module_preset=\u00bbdefault\u00bb][et_pb_button button_url=\u00bbhttps:\/\/lagoelectromecanica.com\/wp-content\/uploads\/2020\/12\/Fo204R06-SERIE-SBCco-USO-EXTERIOR-SECCIONADOR-TRIPOLARES-BAJO-CARGA-esp-ing.pdf\u00bb button_text=\u00bbDescargar ficha completa\u00bb button_alignment=\u00bbcenter\u00bb _builder_version=\u00bb4.7.4&#8243; _module_preset=\u00bbdefault\u00bb custom_button=\u00bbon\u00bb button_text_color=\u00bb#ffffff\u00bb button_bg_color=\u00bb#004990&#8243; button_border_width=\u00bb0px\u00bb button_border_radius=\u00bb0px\u00bb][\/et_pb_button][\/et_pb_column][\/et_pb_row][\/et_pb_section]<\/p>\n","protected":false},"excerpt":{"rendered":"<p>serie SBCco, USO EXTERIOR, 17,5 &#8211; 25,8 &#8211; 38 kV 400 a 600 ADESCRIPCI\u00d3N El seccionador bajo carga LAGO, tipo SBCco combinado con fusible esta dise\u00f1ado para satisfacer las necesidades actuales de los clientes. El seccionador se combina con fusibles cutouts o fusibles HRC. Este seccionador es una soluci\u00f3n principalmente para la protecci\u00f3n de los [&hellip;]<\/p>\n","protected":false},"featured_media":500,"comment_status":"open","ping_status":"closed","template":"","meta":{"_et_pb_use_builder":"on","_et_pb_old_content":"","_et_gb_content_width":""},"product_brand":[],"product_cat":[17],"product_tag":[],"class_list":{"0":"post-189","1":"product","2":"type-product","3":"status-publish","4":"has-post-thumbnail","6":"product_cat-sin-categorizar","8":"first","9":"instock","10":"shipping-taxable","11":"product-type-simple"},"_links":{"self":[{"href":"https:\/\/lagoelectromecanica.com\/index.php?rest_route=\/wp\/v2\/product\/189","targetHints":{"allow":["GET"]}}],"collection":[{"href":"https:\/\/lagoelectromecanica.com\/index.php?rest_route=\/wp\/v2\/product"}],"about":[{"href":"https:\/\/lagoelectromecanica.com\/index.php?rest_route=\/wp\/v2\/types\/product"}],"replies":[{"embeddable":true,"href":"https:\/\/lagoelectromecanica.com\/index.php?rest_route=%2Fwp%2Fv2%2Fcomments&post=189"}],"wp:featuredmedia":[{"embeddable":true,"href":"https:\/\/lagoelectromecanica.com\/index.php?rest_route=\/wp\/v2\/media\/500"}],"wp:attachment":[{"href":"https:\/\/lagoelectromecanica.com\/index.php?rest_route=%2Fwp%2Fv2%2Fmedia&parent=189"}],"wp:term":[{"taxonomy":"product_brand","embeddable":true,"href":"https:\/\/lagoelectromecanica.com\/index.php?rest_route=%2Fwp%2Fv2%2Fproduct_brand&post=189"},{"taxonomy":"product_cat","embeddable":true,"href":"https:\/\/lagoelectromecanica.com\/index.php?rest_route=%2Fwp%2Fv2%2Fproduct_cat&post=189"},{"taxonomy":"product_tag","embeddable":true,"href":"https:\/\/lagoelectromecanica.com\/index.php?rest_route=%2Fwp%2Fv2%2Fproduct_tag&post=189"}],"curies":[{"name":"wp","href":"https:\/\/api.w.org\/{rel}","templated":true}]}}