{"id":155,"date":"2020-12-18T15:07:33","date_gmt":"2020-12-18T15:07:33","guid":{"rendered":"https:\/\/lagoelectromecanica.com\/?post_type=product&#038;p=155"},"modified":"2020-12-30T19:35:23","modified_gmt":"2020-12-30T19:35:23","slug":"seccionador-bajo-carga","status":"publish","type":"product","link":"https:\/\/lagoelectromecanica.com\/?product=seccionador-bajo-carga","title":{"rendered":"SECCIONADOR BAJO CARGA &#8211; Tipo LVP"},"content":{"rendered":"<p>[et_pb_section fb_built=\u00bb1&#8243; _builder_version=\u00bb3.22&#8243; custom_padding=\u00bb0px||||false|false\u00bb da_disable_devices=\u00bboff|off|off\u00bb da_is_popup=\u00bboff\u00bb da_exit_intent=\u00bboff\u00bb da_has_close=\u00bbon\u00bb da_alt_close=\u00bboff\u00bb da_dark_close=\u00bboff\u00bb da_not_modal=\u00bbon\u00bb da_is_singular=\u00bboff\u00bb da_with_loader=\u00bboff\u00bb da_has_shadow=\u00bbon\u00bb][et_pb_row _builder_version=\u00bb3.25&#8243; background_size=\u00bbinitial\u00bb background_position=\u00bbtop_left\u00bb background_repeat=\u00bbrepeat\u00bb width=\u00bb100%\u00bb custom_padding=\u00bb0px||0px||false|false\u00bb][et_pb_column type=\u00bb4_4&#8243; _builder_version=\u00bb3.25&#8243; custom_padding=\u00bb|||\u00bb custom_padding__hover=\u00bb|||\u00bb][et_pb_wc_cart_notice _builder_version=\u00bb4.7.4&#8243; background_color=\u00bb#004990&#8243; custom_button=\u00bbon\u00bb button_text_size=\u00bb17px\u00bb button_text_color=\u00bb#004990&#8243; button_border_radius=\u00bb0px\u00bb button_use_icon=\u00bboff\u00bb button_custom_margin=\u00bb-3px||10px||false|false\u00bb custom_padding=\u00bb15px|15px|0px|15px|false|false\u00bb][\/et_pb_wc_cart_notice][\/et_pb_column][\/et_pb_row][et_pb_row column_structure=\u00bb1_2,1_2&#8243; _builder_version=\u00bb3.25&#8243; background_size=\u00bbinitial\u00bb background_position=\u00bbtop_left\u00bb background_repeat=\u00bbrepeat\u00bb width=\u00bb100%\u00bb custom_padding=\u00bb0px||||false|false\u00bb][et_pb_column type=\u00bb1_2&#8243; _builder_version=\u00bb3.25&#8243; custom_padding=\u00bb|||\u00bb custom_padding__hover=\u00bb|||\u00bb][et_pb_wc_images _builder_version=\u00bb3.0.47&#8243;][\/et_pb_wc_images][\/et_pb_column][et_pb_column type=\u00bb1_2&#8243; _builder_version=\u00bb3.25&#8243; custom_padding=\u00bb|||\u00bb custom_padding__hover=\u00bb|||\u00bb][et_pb_wc_title _builder_version=\u00bb4.7.4&#8243; header_font=\u00bbGlegoo||||||||\u00bb][\/et_pb_wc_title][et_pb_text _builder_version=\u00bb4.7.4&#8243; _module_preset=\u00bbdefault\u00bb text_font=\u00bbGlegoo||||||||\u00bb]PARA 17,5 &#8211; 36 kV, 400 a 630 A,<br \/>\nuso interior tipo LVP[\/et_pb_text][et_pb_wc_price _builder_version=\u00bb3.0.47&#8243;][\/et_pb_wc_price][et_pb_wc_description _builder_version=\u00bb3.0.47&#8243;][\/et_pb_wc_description][et_pb_wc_add_to_cart _builder_version=\u00bb3.0.47&#8243;][\/et_pb_wc_add_to_cart][\/et_pb_column][\/et_pb_row][et_pb_row _builder_version=\u00bb4.7.4&#8243; background_size=\u00bbinitial\u00bb background_position=\u00bbtop_left\u00bb background_repeat=\u00bbrepeat\u00bb width=\u00bb100%\u00bb custom_padding=\u00bb0px||||false|false\u00bb][et_pb_column type=\u00bb4_4&#8243; _builder_version=\u00bb3.25&#8243; custom_padding=\u00bb|||\u00bb custom_padding__hover=\u00bb|||\u00bb][et_pb_text _builder_version=\u00bb4.7.4&#8243; _module_preset=\u00bbdefault\u00bb header_font=\u00bbNoto Sans||||||||\u00bb header_3_font=\u00bbNoto Sans||||||||\u00bb header_3_font_size=\u00bb15px\u00bb header_4_font=\u00bbNoto Sans||||||||\u00bb]<\/p>\n<h4>PRESENTACI\u00d3N<\/h4>\n<p>Los seccionadores bajo carga de la serie LVP son del tipo a soplo de aire autom\u00e1tico, de construcci\u00f3n simple y robusta. Responde a las normas de fabricaci\u00f3n IEC- 265- 420.<br \/>\nResultado de una larga experiencia constructiva garantizan una elevada confiabilidad de utilizaci\u00f3n y mantenimiento pr\u00e1cticamente nulo. Estos aparatos solucionan en forma econ\u00f3mica y segura los problemas de distribuci\u00f3n en media tensi\u00f3n, teniendo varios usos como: maniobra y protecci\u00f3n de transformadores, cables y l\u00edneas. Se disponen las siguientes ejecuciones:<br \/>\n\u2022 LVP&#8211;n: previsto para maniobra de cierre y apertura con velocidad independiente del operador efectuada en forma manual o a motor.<br \/>\n\u2022 LVPI-n: \u00eddem LVP, con la posibilidad de efectuar maniobras de apertura a distancia a trav\u00e9s de la bobina de desenganche.<br \/>\n\u2022 LVP&#8211;r; LVPI-r: de ancho reducido, las caracter\u00edsticas son similares a las ejecuciones anteriormente descriptas, las distancias entre fases se reducen y se agregan dos placas separadoras de material aislante.<br \/>\nLa particularidad de este tipo de seccionador consiste en su funcionamiento, el movimiento de los pistones comandados por ejes de maniobra autogenera un violento chorro de aire que act\u00faa sobre el arco, lo desioniza y lo apaga r\u00e1pidamente. Como canal de generaci\u00f3n de aire se utiliza el mismo aislador donde se montan los contactos fijos.<br \/>\nEste sistema no sufre con el tiempo apreciables alteraciones y no se presentan inconvenientes en su prestaci\u00f3n. En caso de necesidad todos sus componentes principales son f\u00e1cilmente substituibles.<\/p>\n<h4>DISPOSITIVOS DE MANIOBRA<\/h4>\n<p>\u2022 Comando a p\u00e9rtiga.<br \/>\n\u2022 Comando reenviado.<br \/>\n\u2022 Comando a palanca.<br \/>\n\u2022 Comando a motor.<\/p>\n<h4>ACCESORIOS<\/h4>\n<p>\u2022 Cuchillas de puesta a tierra.<br \/>\n\u2022 Bobina de desenganche.<br \/>\n\u2022 Contactos auxiliares.<br \/>\n\u2022 Microinterruptor para se\u00f1alizaci\u00f3n de intervenci\u00f3n de fusible.<br \/>\n\u2022 Enclavamiento.[\/et_pb_text][et_pb_wc_price _builder_version=\u00bb3.0.47&#8243;][\/et_pb_wc_price][et_pb_wc_add_to_cart _builder_version=\u00bb3.0.47&#8243;][\/et_pb_wc_add_to_cart][\/et_pb_column][\/et_pb_row][et_pb_row _builder_version=\u00bb4.7.4&#8243; _module_preset=\u00bbdefault\u00bb][et_pb_column type=\u00bb4_4&#8243; _builder_version=\u00bb4.7.4&#8243; _module_preset=\u00bbdefault\u00bb][et_pb_button button_url=\u00bbhttps:\/\/lagoelectromecanica.com\/wp-content\/uploads\/2020\/12\/Fo101R04-TIPO-LVP-USO-INTERIOR2.pdf\u00bb button_text=\u00bbDescargar ficha completa\u00bb button_alignment=\u00bbcenter\u00bb _builder_version=\u00bb4.7.4&#8243; _module_preset=\u00bbdefault\u00bb custom_button=\u00bbon\u00bb button_text_color=\u00bb#ffffff\u00bb button_bg_color=\u00bb#004990&#8243; button_border_width=\u00bb0px\u00bb button_border_radius=\u00bb0px\u00bb][\/et_pb_button][\/et_pb_column][\/et_pb_row][\/et_pb_section]<\/p>\n","protected":false},"excerpt":{"rendered":"<p>PARA 17,5 &#8211; 36 kV, 400 a 630 A, uso interior tipo LVPPRESENTACI\u00d3N Los seccionadores bajo carga de la serie LVP son del tipo a soplo de aire autom\u00e1tico, de construcci\u00f3n simple y robusta. Responde a las normas de fabricaci\u00f3n IEC- 265- 420. Resultado de una larga experiencia constructiva garantizan una elevada confiabilidad de utilizaci\u00f3n [&hellip;]<\/p>\n","protected":false},"featured_media":507,"comment_status":"open","ping_status":"closed","template":"","meta":{"_et_pb_use_builder":"on","_et_pb_old_content":"","_et_gb_content_width":""},"product_brand":[],"product_cat":[17],"product_tag":[],"class_list":{"0":"post-155","1":"product","2":"type-product","3":"status-publish","4":"has-post-thumbnail","6":"product_cat-sin-categorizar","8":"first","9":"instock","10":"shipping-taxable","11":"product-type-simple"},"_links":{"self":[{"href":"https:\/\/lagoelectromecanica.com\/index.php?rest_route=\/wp\/v2\/product\/155","targetHints":{"allow":["GET"]}}],"collection":[{"href":"https:\/\/lagoelectromecanica.com\/index.php?rest_route=\/wp\/v2\/product"}],"about":[{"href":"https:\/\/lagoelectromecanica.com\/index.php?rest_route=\/wp\/v2\/types\/product"}],"replies":[{"embeddable":true,"href":"https:\/\/lagoelectromecanica.com\/index.php?rest_route=%2Fwp%2Fv2%2Fcomments&post=155"}],"wp:featuredmedia":[{"embeddable":true,"href":"https:\/\/lagoelectromecanica.com\/index.php?rest_route=\/wp\/v2\/media\/507"}],"wp:attachment":[{"href":"https:\/\/lagoelectromecanica.com\/index.php?rest_route=%2Fwp%2Fv2%2Fmedia&parent=155"}],"wp:term":[{"taxonomy":"product_brand","embeddable":true,"href":"https:\/\/lagoelectromecanica.com\/index.php?rest_route=%2Fwp%2Fv2%2Fproduct_brand&post=155"},{"taxonomy":"product_cat","embeddable":true,"href":"https:\/\/lagoelectromecanica.com\/index.php?rest_route=%2Fwp%2Fv2%2Fproduct_cat&post=155"},{"taxonomy":"product_tag","embeddable":true,"href":"https:\/\/lagoelectromecanica.com\/index.php?rest_route=%2Fwp%2Fv2%2Fproduct_tag&post=155"}],"curies":[{"name":"wp","href":"https:\/\/api.w.org\/{rel}","templated":true}]}}