{"id":151,"date":"2020-12-18T14:24:28","date_gmt":"2020-12-18T14:24:28","guid":{"rendered":"https:\/\/lagoelectromecanica.com\/?post_type=product&#038;p=151"},"modified":"2020-12-30T19:36:09","modified_gmt":"2020-12-30T19:36:09","slug":"compass","status":"publish","type":"product","link":"https:\/\/lagoelectromecanica.com\/?product=compass","title":{"rendered":"MODULO COMPASS"},"content":{"rendered":"<p>[et_pb_section fb_built=\u00bb1&#8243; _builder_version=\u00bb3.22&#8243; custom_padding=\u00bb0px||||false|false\u00bb da_disable_devices=\u00bboff|off|off\u00bb da_is_popup=\u00bboff\u00bb da_exit_intent=\u00bboff\u00bb da_has_close=\u00bbon\u00bb da_alt_close=\u00bboff\u00bb da_dark_close=\u00bboff\u00bb da_not_modal=\u00bbon\u00bb da_is_singular=\u00bboff\u00bb da_with_loader=\u00bboff\u00bb da_has_shadow=\u00bbon\u00bb][et_pb_row _builder_version=\u00bb3.25&#8243; background_size=\u00bbinitial\u00bb background_position=\u00bbtop_left\u00bb background_repeat=\u00bbrepeat\u00bb width=\u00bb100%\u00bb custom_padding=\u00bb0px||0px||false|false\u00bb][et_pb_column type=\u00bb4_4&#8243; _builder_version=\u00bb3.25&#8243; custom_padding=\u00bb|||\u00bb custom_padding__hover=\u00bb|||\u00bb][et_pb_wc_cart_notice _builder_version=\u00bb4.7.4&#8243; background_color=\u00bb#004990&#8243; custom_button=\u00bbon\u00bb button_text_size=\u00bb17px\u00bb button_text_color=\u00bb#004990&#8243; button_border_radius=\u00bb0px\u00bb button_use_icon=\u00bboff\u00bb button_custom_margin=\u00bb-3px||10px||false|false\u00bb custom_padding=\u00bb15px|15px|0px|15px|false|false\u00bb][\/et_pb_wc_cart_notice][\/et_pb_column][\/et_pb_row][et_pb_row column_structure=\u00bb1_2,1_2&#8243; _builder_version=\u00bb3.25&#8243; background_size=\u00bbinitial\u00bb background_position=\u00bbtop_left\u00bb background_repeat=\u00bbrepeat\u00bb width=\u00bb100%\u00bb custom_padding=\u00bb0px||||false|false\u00bb][et_pb_column type=\u00bb1_2&#8243; _builder_version=\u00bb3.25&#8243; custom_padding=\u00bb|||\u00bb custom_padding__hover=\u00bb|||\u00bb][et_pb_wc_images _builder_version=\u00bb3.0.47&#8243;][\/et_pb_wc_images][\/et_pb_column][et_pb_column type=\u00bb1_2&#8243; _builder_version=\u00bb3.25&#8243; custom_padding=\u00bb|||\u00bb custom_padding__hover=\u00bb|||\u00bb][et_pb_wc_title _builder_version=\u00bb4.7.4&#8243; header_font=\u00bbGlegoo||||||||\u00bb][\/et_pb_wc_title][et_pb_text _builder_version=\u00bb4.7.4&#8243; _module_preset=\u00bbdefault\u00bb text_font=\u00bbGlegoo||||||||\u00bb]Compactos Prefabricados Subestaci\u00f3n Aislada en Aire[\/et_pb_text][et_pb_wc_price _builder_version=\u00bb3.0.47&#8243;][\/et_pb_wc_price][et_pb_wc_description _builder_version=\u00bb3.0.47&#8243;][\/et_pb_wc_description][et_pb_wc_add_to_cart _builder_version=\u00bb3.0.47&#8243;][\/et_pb_wc_add_to_cart][\/et_pb_column][\/et_pb_row][et_pb_row _builder_version=\u00bb4.7.4&#8243; background_size=\u00bbinitial\u00bb background_position=\u00bbtop_left\u00bb background_repeat=\u00bbrepeat\u00bb width=\u00bb100%\u00bb custom_padding=\u00bb0px||||false|false\u00bb][et_pb_column type=\u00bb4_4&#8243; _builder_version=\u00bb3.25&#8243; custom_padding=\u00bb|||\u00bb custom_padding__hover=\u00bb|||\u00bb][et_pb_text _builder_version=\u00bb4.7.4&#8243; _module_preset=\u00bbdefault\u00bb header_font=\u00bbNoto Sans||||||||\u00bb header_3_font=\u00bbNoto Sans||||||||\u00bb header_3_font_size=\u00bb15px\u00bb header_4_font=\u00bbNoto Sans||||||||\u00bb]<\/p>\n<h4>CONVENIO LAGO-ABB<\/h4>\n<h3>LAGO ELECTROMEC\u00c1NICA S.A.<\/h3>\n<p>Lago Electromec\u00e1nica S.A es una empresa Argentina que desde 1993 dise\u00f1a, desarrolla y fabrica una amplia gama de equipamiento aplicado a la transmisi\u00f3n y distribuci\u00f3n de energ\u00eda el\u00e9ctrica.<br \/>\nRespaldada por varios a\u00f1os de experiencia, hoy Lago tiene una moderna planta localizada en Lan\u00fas Oeste, provincia de Buenos Aires.<br \/>\nLago es proveedora de las principales empresas relacionadas a la distribuci\u00f3n de energ\u00eda el\u00e9ctrica en Argentina y en pa\u00edses de Sur y Centro Am\u00e9rica. En los \u00faltimos a\u00f1os, Lago ha comenzado sus exportaciones destinadas a pa\u00edses \u00e1rabes tales como Kuwait y Qatar.<br \/>\nLago se basa en un grupo de ingenieros y t\u00e9cnicos apropiadamente capacitados en Investigaci\u00f3n y Desarrollo de nuevos productos, cuyo objetivo es satisfacer las necesidades actuales de nuestros clientes.<\/p>\n<h3>ABB<\/H3><br \/>\nABB es un l\u00edder en tecnolog\u00eda de vanguardia que est\u00e1 escribiendo el futuro de la digitalizaci\u00f3n industrial.<br \/>\nDurante m\u00e1s de cuatro d\u00e9cadas, ha estado al frente, innovando en sistemas y equipos industriales digitalmente conectados. Todos los d\u00edas, impulsa eficiencia, seguridad y productividad en servicios p\u00fablicos, industria, transporte e infraestructura en todo el mundo. Con una trayectoria de m\u00e1s de 130 a\u00f1os, ABB opera en m\u00e1s de 100 pa\u00edses y emplea alrededor de 135,000 personas.<\/p>\n<h4>\u00bfQU\u00c9 ES COMPASS?<\/h4>\n<p>COMPASS significa COMpact Prefabricado con aislamiento de aire subestaci\u00f3n e incluye todas las funciones de alto voltaje de una sola bah\u00eda en un solo m\u00f3dulo. Cada fase incluye:<br \/>\n\u2022 Un interruptor autom\u00e1tico con unidad BLK (tanto de operaci\u00f3n en tres fases).<br \/>\n\u2022 Dos seccionadores con motor propio \/ accionamiento manual.<br \/>\n\u2022 Dos seccionadores de puesta a tierra con motor propio \/ accionamiento manual.<br \/>\n\u2022 Un transformador de corriente.<br \/>\n\u2022 Un transformador de tensi\u00f3n.<br \/>\n\u2022 Un descargador de sobretensiones.<br \/>\n\u2022 Gabinete de control local.<br \/>\nCOMPASS est\u00e1 disponible con aisladores de silicona (porcelana Aislantes bajo pedido). La posici\u00f3n de estas partes se muestra en el siguiente diagrama.<\/p>\n<h4>TRANSPORTE, MONTAJE Y MANTENIMIENTO<\/h4>\n<p>Todo el m\u00f3dulo COMPASS est\u00e1 completamente dise\u00f1ado, ensamblado y probado de acuerdo con los est\u00e1ndares IEC en las plantas de LAGO-ABB y puede ser transportado al sitio de instalaci\u00f3n en un cami\u00f3n simple o en un contenedor sin tener que ser desmontado de ninguna manera. Esto elimina la necesidad de realizar cualquier prueba el\u00e9ctrica importante en el sitio.<br \/>\nCOMPASS es muy sencillo, r\u00e1pido y econ\u00f3mico de montar, gracias a su dise\u00f1o, que no s\u00f3lo reduce las etapas de montaje y puesta en marcha, sino que adem\u00e1s permite ahorrar mucho espacio gracias al sistema de barras autoportantes NABLA.<br \/>\nEsto significa que no hay necesidad de tener aisladores de poste de barras para soportar el sistema de barra colectora, ya que el peso es soportado por los m\u00f3dulos COMPASS.<br \/>\nTodo esto significa importantes reducciones en los costos in situ.[\/et_pb_text][et_pb_wc_price _builder_version=\u00bb3.0.47&#8243;][\/et_pb_wc_price][et_pb_wc_add_to_cart _builder_version=\u00bb3.0.47&#8243;][\/et_pb_wc_add_to_cart][\/et_pb_column][\/et_pb_row][et_pb_row _builder_version=\u00bb4.7.4&#8243; _module_preset=\u00bbdefault\u00bb][et_pb_column type=\u00bb4_4&#8243; _builder_version=\u00bb4.7.4&#8243; _module_preset=\u00bbdefault\u00bb][et_pb_button button_url=\u00bbhttps:\/\/lagoelectromecanica.com\/wp-content\/uploads\/2020\/12\/Fo803R00-LAGO-ABB-COMPASS-TRIPTICO.pdf\u00bb button_text=\u00bbDescargar ficha completa\u00bb button_alignment=\u00bbcenter\u00bb _builder_version=\u00bb4.7.4&#8243; _module_preset=\u00bbdefault\u00bb custom_button=\u00bbon\u00bb button_text_color=\u00bb#ffffff\u00bb button_bg_color=\u00bb#004990&#8243; button_border_width=\u00bb0px\u00bb button_border_radius=\u00bb0px\u00bb][\/et_pb_button][\/et_pb_column][\/et_pb_row][\/et_pb_section]<\/p>\n","protected":false},"excerpt":{"rendered":"<p>Compactos Prefabricados Subestaci\u00f3n Aislada en AireCONVENIO LAGO-ABB LAGO ELECTROMEC\u00c1NICA S.A. Lago Electromec\u00e1nica S.A es una empresa Argentina que desde 1993 dise\u00f1a, desarrolla y fabrica una amplia gama de equipamiento aplicado a la transmisi\u00f3n y distribuci\u00f3n de energ\u00eda el\u00e9ctrica. Respaldada por varios a\u00f1os de experiencia, hoy Lago tiene una moderna planta localizada en Lan\u00fas Oeste, provincia [&hellip;]<\/p>\n","protected":false},"featured_media":508,"comment_status":"open","ping_status":"closed","template":"","meta":{"_et_pb_use_builder":"on","_et_pb_old_content":"","_et_gb_content_width":""},"product_brand":[],"product_cat":[17],"product_tag":[],"class_list":{"0":"post-151","1":"product","2":"type-product","3":"status-publish","4":"has-post-thumbnail","6":"product_cat-sin-categorizar","8":"first","9":"instock","10":"shipping-taxable","11":"product-type-simple"},"_links":{"self":[{"href":"https:\/\/lagoelectromecanica.com\/index.php?rest_route=\/wp\/v2\/product\/151","targetHints":{"allow":["GET"]}}],"collection":[{"href":"https:\/\/lagoelectromecanica.com\/index.php?rest_route=\/wp\/v2\/product"}],"about":[{"href":"https:\/\/lagoelectromecanica.com\/index.php?rest_route=\/wp\/v2\/types\/product"}],"replies":[{"embeddable":true,"href":"https:\/\/lagoelectromecanica.com\/index.php?rest_route=%2Fwp%2Fv2%2Fcomments&post=151"}],"wp:featuredmedia":[{"embeddable":true,"href":"https:\/\/lagoelectromecanica.com\/index.php?rest_route=\/wp\/v2\/media\/508"}],"wp:attachment":[{"href":"https:\/\/lagoelectromecanica.com\/index.php?rest_route=%2Fwp%2Fv2%2Fmedia&parent=151"}],"wp:term":[{"taxonomy":"product_brand","embeddable":true,"href":"https:\/\/lagoelectromecanica.com\/index.php?rest_route=%2Fwp%2Fv2%2Fproduct_brand&post=151"},{"taxonomy":"product_cat","embeddable":true,"href":"https:\/\/lagoelectromecanica.com\/index.php?rest_route=%2Fwp%2Fv2%2Fproduct_cat&post=151"},{"taxonomy":"product_tag","embeddable":true,"href":"https:\/\/lagoelectromecanica.com\/index.php?rest_route=%2Fwp%2Fv2%2Fproduct_tag&post=151"}],"curies":[{"name":"wp","href":"https:\/\/api.w.org\/{rel}","templated":true}]}}