{"id":127,"date":"2020-12-18T12:43:29","date_gmt":"2020-12-18T12:43:29","guid":{"rendered":"https:\/\/lagoelectromecanica.com\/?post_type=product&#038;p=127"},"modified":"2020-12-30T19:37:04","modified_gmt":"2020-12-30T19:37:04","slug":"celdas-metalicas-para-distribucion-media-tension-con-seccionador-en-aire","status":"publish","type":"product","link":"https:\/\/lagoelectromecanica.com\/?product=celdas-metalicas-para-distribucion-media-tension-con-seccionador-en-aire","title":{"rendered":"CELDAS MET\u00c1LICAS PARA DISTRIBUCI\u00d3N, MEDIA TENSI\u00d3N, CON SECCIONADOR EN AIRE"},"content":{"rendered":"<p>[et_pb_section fb_built=\u00bb1&#8243; _builder_version=\u00bb3.22&#8243; custom_padding=\u00bb0px||||false|false\u00bb da_disable_devices=\u00bboff|off|off\u00bb da_is_popup=\u00bboff\u00bb da_exit_intent=\u00bboff\u00bb da_has_close=\u00bbon\u00bb da_alt_close=\u00bboff\u00bb da_dark_close=\u00bboff\u00bb da_not_modal=\u00bbon\u00bb da_is_singular=\u00bboff\u00bb da_with_loader=\u00bboff\u00bb da_has_shadow=\u00bbon\u00bb][et_pb_row _builder_version=\u00bb3.25&#8243; background_size=\u00bbinitial\u00bb background_position=\u00bbtop_left\u00bb background_repeat=\u00bbrepeat\u00bb width=\u00bb100%\u00bb custom_padding=\u00bb0px||0px||false|false\u00bb][et_pb_column type=\u00bb4_4&#8243; _builder_version=\u00bb3.25&#8243; custom_padding=\u00bb|||\u00bb custom_padding__hover=\u00bb|||\u00bb][et_pb_wc_cart_notice _builder_version=\u00bb4.7.4&#8243; background_color=\u00bb#004990&#8243; custom_button=\u00bbon\u00bb button_text_size=\u00bb17px\u00bb button_text_color=\u00bb#004990&#8243; button_border_radius=\u00bb0px\u00bb button_use_icon=\u00bboff\u00bb button_custom_margin=\u00bb-3px||10px||false|false\u00bb custom_padding=\u00bb15px|15px|0px|15px|false|false\u00bb][\/et_pb_wc_cart_notice][\/et_pb_column][\/et_pb_row][et_pb_row column_structure=\u00bb1_2,1_2&#8243; _builder_version=\u00bb3.25&#8243; background_size=\u00bbinitial\u00bb background_position=\u00bbtop_left\u00bb background_repeat=\u00bbrepeat\u00bb width=\u00bb100%\u00bb custom_padding=\u00bb0px||||false|false\u00bb][et_pb_column type=\u00bb1_2&#8243; _builder_version=\u00bb3.25&#8243; custom_padding=\u00bb|||\u00bb custom_padding__hover=\u00bb|||\u00bb][et_pb_wc_images _builder_version=\u00bb3.0.47&#8243;][\/et_pb_wc_images][\/et_pb_column][et_pb_column type=\u00bb1_2&#8243; _builder_version=\u00bb3.25&#8243; custom_padding=\u00bb|||\u00bb custom_padding__hover=\u00bb|||\u00bb][et_pb_wc_title _builder_version=\u00bb4.7.4&#8243; header_font=\u00bbGlegoo||||||||\u00bb][\/et_pb_wc_title][et_pb_text _builder_version=\u00bb4.7.4&#8243; _module_preset=\u00bbdefault\u00bb text_font=\u00bbGlegoo||||||||\u00bb]17,5 &#8211; 24 &#8211; 36 KV &#8211; 400 &#8211; 630 &#8211; 800 A[\/et_pb_text][et_pb_wc_price _builder_version=\u00bb3.0.47&#8243;][\/et_pb_wc_price][et_pb_wc_description _builder_version=\u00bb3.0.47&#8243;][\/et_pb_wc_description][et_pb_wc_add_to_cart _builder_version=\u00bb3.0.47&#8243;][\/et_pb_wc_add_to_cart][\/et_pb_column][\/et_pb_row][et_pb_row _builder_version=\u00bb4.7.4&#8243; background_size=\u00bbinitial\u00bb background_position=\u00bbtop_left\u00bb background_repeat=\u00bbrepeat\u00bb width=\u00bb100%\u00bb custom_padding=\u00bb0px||||false|false\u00bb][et_pb_column type=\u00bb4_4&#8243; _builder_version=\u00bb3.25&#8243; custom_padding=\u00bb|||\u00bb custom_padding__hover=\u00bb|||\u00bb][et_pb_text _builder_version=\u00bb4.7.4&#8243; _module_preset=\u00bbdefault\u00bb header_font=\u00bbNoto Sans||||||||\u00bb header_4_font=\u00bbNoto Sans||||||||\u00bb]<\/p>\n<h4>INTRODUCCI\u00d3N<\/h4>\n<p>Las celdas met\u00e1licas aisladas por aire son apropiadas para maniobra y protecci\u00f3n, en centros de transformaci\u00f3n MT\/BT.<br \/>\nDe altas prestaciones y servicio econ\u00f3mico, las celdas de media tensi\u00f3n aisladas en aire marca LAGO, utilizan una tecnolog\u00eda probada y confiable, y realizan lo que el usuario siempre espera de una instalaci\u00f3n de maniobra: funcionalidad total a un precio sumamente atractivo.<br \/>\nConstruidas en chapa de acero, las partes pintadas se tratan con aplicaci\u00f3n de un sistema de pintura en polvo epoxi, color gris RAL 7032, en la ejecuci\u00f3n est\u00e1ndar.<br \/>\nSon fabricadas en base a especificaciones de las principales empresas distribuidoras de energ\u00eda del pa\u00eds y recomendaciones IEC.<\/p>\n<h4>CARACTERISTICAS<\/h4>\n<p>\u2022 Tensi\u00f3n de servicio: 17,5 &#8211; 24 &#8211; 36 kv.<br \/>\n\u2022 Sistema trif\u00e1sico con neutro r\u00edgido a tierra.<br \/>\n\u2022 Corriente de cortocircuito trif\u00e1sico sim\u00e9trico: 12,5 &#8211; 16 &#8211; 20 kA.<br \/>\n\u2022 PE\/PG: Potencia de cortocircuito trif\u00e1sico sim\u00e9trico en 13,2kV &#8211; 500 MVA.<br \/>\n\u2022 Normas de aplicaci\u00f3n: IEC<\/p>\n<h4>TIPO DE CELDAS<\/h4>\n<p>\u2022 Celda tipo A: Equipo para entrada o salida de cable de red.<br \/>\n\u2022 Celda tipo B: Equipo para salida a transformador o protecci\u00f3n a cliente.<br \/>\n\u2022 Celda tipo C: Equipo para medici\u00f3n.<br \/>\n\u2022 Celda tipo E: Equipo para protecci\u00f3n con interruptor.<br \/>\n\u2022 Panel PE: Panel de entrada de cable.<br \/>\n\u2022 Panel PG: Panel de giro de barras.[\/et_pb_text][et_pb_text _builder_version=\u00bb4.7.4&#8243; _module_preset=\u00bbdefault\u00bb header_font=\u00bbNoto Sans||||||||\u00bb header_4_font=\u00bbNoto Sans||||||||\u00bb]<\/p>\n<h4>CARACTERISTICAS<\/h4>\n<p>\u2022 Tensi\u00f3n de servicio: 17,5 &#8211; 24 &#8211; 36 kv.<br \/>\n\u2022 Sistema trif\u00e1sico con neutro r\u00edgido a tierra.<br \/>\n\u2022 Corriente de cortocircuito trif\u00e1sico sim\u00e9trico: 12,5 &#8211; 16 &#8211;<br \/>\n20 kA.<br \/>\n\u2022 PE\/PG: Potencia de cortocircuito trif\u00e1sico sim\u00e9trico en 13,2kV &#8211; 500 MVA.<br \/>\n\u2022 Normas de aplicaci\u00f3n: IEC<\/p>\n<h4>TIPO DE CELDAS<\/h4>\n<p>\u2022 Celda tipo A: Equipo para entrada o salida de cable de red.<br \/>\n\u2022 Celda tipo B: Equipo para salida a transformador o<br \/>\nprotecci\u00f3n a cliente.<br \/>\n\u2022 Celda tipo C: Equipo para medici\u00f3n.<br \/>\n\u2022 Celda tipo E: Equipo para protecci\u00f3n con interruptor.<br \/>\n\u2022 Panel PE: Panel de entrada de cable.<br \/>\n\u2022 Panel PG: Panel de giro de barras.[\/et_pb_text][et_pb_wc_price _builder_version=\u00bb3.0.47&#8243;][\/et_pb_wc_price][et_pb_wc_add_to_cart _builder_version=\u00bb3.0.47&#8243;][\/et_pb_wc_add_to_cart][\/et_pb_column][\/et_pb_row][et_pb_row _builder_version=\u00bb4.7.4&#8243; _module_preset=\u00bbdefault\u00bb][et_pb_column type=\u00bb4_4&#8243; _builder_version=\u00bb4.7.4&#8243; _module_preset=\u00bbdefault\u00bb][et_pb_button button_url=\u00bbhttps:\/\/lagoelectromecanica.com\/wp-content\/uploads\/2020\/12\/Fo301R06-AIRE-A-B-C-E-PE-PG-Celdas-Metalicas-Paneles-complement-para-distribucion-en-MT.pdf\u00bb button_text=\u00bbDescargar ficha completa\u00bb button_alignment=\u00bbcenter\u00bb _builder_version=\u00bb4.7.4&#8243; _module_preset=\u00bbdefault\u00bb custom_button=\u00bbon\u00bb button_text_color=\u00bb#ffffff\u00bb button_bg_color=\u00bb#004990&#8243; button_border_width=\u00bb0px\u00bb button_border_radius=\u00bb0px\u00bb][\/et_pb_button][\/et_pb_column][\/et_pb_row][\/et_pb_section]<\/p>\n","protected":false},"excerpt":{"rendered":"<p>17,5 &#8211; 24 &#8211; 36 KV &#8211; 400 &#8211; 630 &#8211; 800 AINTRODUCCI\u00d3N Las celdas met\u00e1licas aisladas por aire son apropiadas para maniobra y protecci\u00f3n, en centros de transformaci\u00f3n MT\/BT. De altas prestaciones y servicio econ\u00f3mico, las celdas de media tensi\u00f3n aisladas en aire marca LAGO, utilizan una tecnolog\u00eda probada y confiable, y realizan lo [&hellip;]<\/p>\n","protected":false},"featured_media":511,"comment_status":"open","ping_status":"closed","template":"","meta":{"_et_pb_use_builder":"on","_et_pb_old_content":"","_et_gb_content_width":""},"product_brand":[],"product_cat":[17],"product_tag":[],"class_list":{"0":"post-127","1":"product","2":"type-product","3":"status-publish","4":"has-post-thumbnail","6":"product_cat-sin-categorizar","8":"first","9":"instock","10":"shipping-taxable","11":"product-type-simple"},"_links":{"self":[{"href":"https:\/\/lagoelectromecanica.com\/index.php?rest_route=\/wp\/v2\/product\/127","targetHints":{"allow":["GET"]}}],"collection":[{"href":"https:\/\/lagoelectromecanica.com\/index.php?rest_route=\/wp\/v2\/product"}],"about":[{"href":"https:\/\/lagoelectromecanica.com\/index.php?rest_route=\/wp\/v2\/types\/product"}],"replies":[{"embeddable":true,"href":"https:\/\/lagoelectromecanica.com\/index.php?rest_route=%2Fwp%2Fv2%2Fcomments&post=127"}],"wp:featuredmedia":[{"embeddable":true,"href":"https:\/\/lagoelectromecanica.com\/index.php?rest_route=\/wp\/v2\/media\/511"}],"wp:attachment":[{"href":"https:\/\/lagoelectromecanica.com\/index.php?rest_route=%2Fwp%2Fv2%2Fmedia&parent=127"}],"wp:term":[{"taxonomy":"product_brand","embeddable":true,"href":"https:\/\/lagoelectromecanica.com\/index.php?rest_route=%2Fwp%2Fv2%2Fproduct_brand&post=127"},{"taxonomy":"product_cat","embeddable":true,"href":"https:\/\/lagoelectromecanica.com\/index.php?rest_route=%2Fwp%2Fv2%2Fproduct_cat&post=127"},{"taxonomy":"product_tag","embeddable":true,"href":"https:\/\/lagoelectromecanica.com\/index.php?rest_route=%2Fwp%2Fv2%2Fproduct_tag&post=127"}],"curies":[{"name":"wp","href":"https:\/\/api.w.org\/{rel}","templated":true}]}}