{"id":121,"date":"2020-12-17T19:57:14","date_gmt":"2020-12-17T19:57:14","guid":{"rendered":"https:\/\/lagoelectromecanica.com\/?post_type=product&#038;p=121"},"modified":"2020-12-30T19:37:33","modified_gmt":"2020-12-30T19:37:33","slug":"primaria-175-kv","status":"publish","type":"product","link":"https:\/\/lagoelectromecanica.com\/?product=primaria-175-kv","title":{"rendered":"CELDAS METAL CLAD INTERRUPTOR AUTOMA\u0301TICO DE VACI\u0301O &#8211; VECTOR"},"content":{"rendered":"<p>[et_pb_section fb_built=\u00bb1&#8243; _builder_version=\u00bb3.22&#8243; custom_padding=\u00bb0px||||false|false\u00bb da_disable_devices=\u00bboff|off|off\u00bb da_is_popup=\u00bboff\u00bb da_exit_intent=\u00bboff\u00bb da_has_close=\u00bbon\u00bb da_alt_close=\u00bboff\u00bb da_dark_close=\u00bboff\u00bb da_not_modal=\u00bbon\u00bb da_is_singular=\u00bboff\u00bb da_with_loader=\u00bboff\u00bb da_has_shadow=\u00bbon\u00bb][et_pb_row _builder_version=\u00bb3.25&#8243; background_size=\u00bbinitial\u00bb background_position=\u00bbtop_left\u00bb background_repeat=\u00bbrepeat\u00bb width=\u00bb100%\u00bb custom_padding=\u00bb0px||0px||false|false\u00bb][et_pb_column type=\u00bb4_4&#8243; _builder_version=\u00bb3.25&#8243; custom_padding=\u00bb|||\u00bb custom_padding__hover=\u00bb|||\u00bb][et_pb_wc_cart_notice _builder_version=\u00bb4.7.4&#8243; background_color=\u00bb#004990&#8243; custom_button=\u00bbon\u00bb button_text_size=\u00bb17px\u00bb button_text_color=\u00bb#004990&#8243; button_border_radius=\u00bb0px\u00bb button_use_icon=\u00bboff\u00bb button_custom_margin=\u00bb-3px||10px||false|false\u00bb custom_padding=\u00bb15px|15px|0px|15px|false|false\u00bb][\/et_pb_wc_cart_notice][\/et_pb_column][\/et_pb_row][et_pb_row column_structure=\u00bb1_2,1_2&#8243; _builder_version=\u00bb3.25&#8243; background_size=\u00bbinitial\u00bb background_position=\u00bbtop_left\u00bb background_repeat=\u00bbrepeat\u00bb width=\u00bb100%\u00bb custom_padding=\u00bb0px||||false|false\u00bb][et_pb_column type=\u00bb1_2&#8243; _builder_version=\u00bb3.25&#8243; custom_padding=\u00bb|||\u00bb custom_padding__hover=\u00bb|||\u00bb][et_pb_wc_images _builder_version=\u00bb3.0.47&#8243;][\/et_pb_wc_images][\/et_pb_column][et_pb_column type=\u00bb1_2&#8243; _builder_version=\u00bb3.25&#8243; custom_padding=\u00bb|||\u00bb custom_padding__hover=\u00bb|||\u00bb][et_pb_wc_title _builder_version=\u00bb4.7.4&#8243; header_font=\u00bbGlegoo||||||||\u00bb][\/et_pb_wc_title][et_pb_text _builder_version=\u00bb4.7.4&#8243; _module_preset=\u00bbdefault\u00bb text_font=\u00bbGlegoo||||||||\u00bb]Serie Vector<br \/>\n17,5 KV &#8211; 1250 \/ 1600 \/ 3150 A[\/et_pb_text][et_pb_wc_price _builder_version=\u00bb3.0.47&#8243;][\/et_pb_wc_price][et_pb_wc_description _builder_version=\u00bb3.0.47&#8243;][\/et_pb_wc_description][et_pb_wc_add_to_cart _builder_version=\u00bb3.0.47&#8243;][\/et_pb_wc_add_to_cart][\/et_pb_column][\/et_pb_row][et_pb_row _builder_version=\u00bb4.7.4&#8243; background_size=\u00bbinitial\u00bb background_position=\u00bbtop_left\u00bb background_repeat=\u00bbrepeat\u00bb width=\u00bb100%\u00bb custom_padding=\u00bb0px||||false|false\u00bb][et_pb_column type=\u00bb4_4&#8243; _builder_version=\u00bb3.25&#8243; custom_padding=\u00bb|||\u00bb custom_padding__hover=\u00bb|||\u00bb][et_pb_text _builder_version=\u00bb4.7.4&#8243; _module_preset=\u00bbdefault\u00bb header_font=\u00bbNoto Sans||||||||\u00bb header_4_font=\u00bbNoto Sans||||||||\u00bb]<\/p>\n<h4>INTRODUCCI\u00d3N<\/h4>\n<p>La gama de celdas metal-clad con aislamiento por aire e interruptores autom\u00e1ticos de vac\u00edo extraible Vector, han sido desarrolladas por LKE de acuerdo con las normas internacionales de seguridad establecidas por las comisiones de especificaci\u00f3n IEC y GB.<br \/>\nLas celdas Vector, han sido desarrolladas como un sistema multifunctional adecuado para una amplia gama de aplicaciones en la distribuci\u00f3n de energ\u00eda y llevar a cabo funciones de control de motor en el sector minero, sector ferroviario, etc.<\/p>\n<h4>CUMPLIMIENTO DE LAS NORMAS<\/h4>\n<p>La serie de interruptores automa\u0301ticos de vaci\u0301o extrai\u0301bles Vector y las celdas metal-cladVector, han sido sometidas a ensayos de tipo y certificadas en cuanto a su conformidad con las siguientes normas:<br \/>\n\u2022 IEC 62271-100<\/p>\n<h4>CARACTERI\u0301STICAS ESTA\u0301NDAR<\/h4>\n<p>Las celdas de la serie Vector, han sido disen\u0303adas como sistemas con blindaje meta\u0301lico segu\u0301n las especificaciones de la norma IEC 62271-200. Cuenta con las siguientes caracteri\u0301sticas:<br \/>\n\u2022 La celda Vector, esta\u0301 configurada de la siguiente manera: compartimento de barras, compartimento del interruptor, compartimento de cables, compartimento de TT y comparti- mento de BT.<br \/>\n\u2022 Los separadores entre los compartimentos son meta\u0301licos y esta\u0301n puestos a tierra. Cada compartimento dispone de su propio canal de ventilacio\u0301n meta\u0301lico por separado.<br \/>\n\u2022 Las celdas Vector satisfacen la clasificacio\u0301n LSC2B de la norma IEC 62271-200.<br \/>\n\u2022 Las celdas, esta\u0301n disen\u0303adas con acceso por su parte delantera a todas las secciones de servicio; el acceso por la parte trasera es solo necesario en la fase de conexio\u0301n de cables durante el montaje.<\/p>\n<h4>ELEMENTOS DE LAS CELDAS METAL-CLAD VECTOR<\/h4>\n<p>\u2022 A1 : Compartimento de barras<br \/>\n\u2022 A2 : Compartimento de interruptor automa\u0301tico<br \/>\n\u2022 A3 : Compartimento de cables<br \/>\n\u2022 A4 : Compartimento de BT<br \/>\n\u2022 A5 : Compartimento de transformadores de Tensio\u0301n \u2022 C1 : Embarrado principal de distribucio\u0301n<br \/>\n\u2022 C2 : Embarrado de salida<br \/>\n\u2022 D1: Interruptor automa\u0301tico de vaci\u0301o Vector<br \/>\n\u2022 E1: Seccionador de puesta a tierra (opcional)<br \/>\n\u2022 E2: Transformadores de intensidad<br \/>\n\u2022 E3: Indicadores de tensio\u0301n<br \/>\n\u2022 E5: Transformadores de tensio\u0301n<br \/>\n\u2022 10 : Canaleta para cableado auxiliar.<br \/>\n\u2022 IEC 62271-102<br \/>\n\u2022 IEC 62271-200<\/p>\n<h4>CERTIFICACIO\u0301N PRINCIPAL KEMA<\/h4>\n<p>IEC 62271-100 con el Vector como interruptor automa\u0301tico de vaci\u0301o trifa\u0301sico extrai\u0301ble en un bastidor que incorpora los conductores moldeados del embarrado y de la salida para celdas con niveles de corriente asignada desde 1250 A hasta 2000 A.<br \/>\nIEC 62271-102, Apartados 6.6 (corriente de corta duracio\u0301n) y 6.101 (poder de cierre) para el seccionador de puesta a tierra trifa\u0301sico empleado en la celda Vector.<br \/>\nIEC 62271-200 con la celda Vector bajo envolvente meta\u0301lica incorporando un interruptor automa\u0301tico de vaci\u0301o y un seccionador de puesta a tierra para celdas con niveles de corriente asignada de 1250 A y 2000 A.[\/et_pb_text][et_pb_wc_price _builder_version=\u00bb3.0.47&#8243;][\/et_pb_wc_price][et_pb_wc_add_to_cart _builder_version=\u00bb3.0.47&#8243;][\/et_pb_wc_add_to_cart][\/et_pb_column][\/et_pb_row][et_pb_row _builder_version=\u00bb4.7.4&#8243; _module_preset=\u00bbdefault\u00bb][et_pb_column type=\u00bb4_4&#8243; _builder_version=\u00bb4.7.4&#8243; _module_preset=\u00bbdefault\u00bb][et_pb_button button_url=\u00bbhttps:\/\/lagoelectromecanica.com\/wp-content\/uploads\/2020\/12\/Fo302R00-Celdas-Metalicas-PRIMARIA-ESP.pdf\u00bb button_text=\u00bbDescargar ficha completa\u00bb button_alignment=\u00bbcenter\u00bb _builder_version=\u00bb4.7.4&#8243; _module_preset=\u00bbdefault\u00bb custom_button=\u00bbon\u00bb button_text_color=\u00bb#ffffff\u00bb button_bg_color=\u00bb#004990&#8243; button_border_width=\u00bb0px\u00bb button_border_radius=\u00bb0px\u00bb][\/et_pb_button][\/et_pb_column][\/et_pb_row][\/et_pb_section]<\/p>\n","protected":false},"excerpt":{"rendered":"<p>Serie Vector 17,5 KV &#8211; 1250 \/ 1600 \/ 3150 AINTRODUCCI\u00d3N La gama de celdas metal-clad con aislamiento por aire e interruptores autom\u00e1ticos de vac\u00edo extraible Vector, han sido desarrolladas por LKE de acuerdo con las normas internacionales de seguridad establecidas por las comisiones de especificaci\u00f3n IEC y GB. Las celdas Vector, han sido desarrolladas [&hellip;]<\/p>\n","protected":false},"featured_media":510,"comment_status":"open","ping_status":"closed","template":"","meta":{"_et_pb_use_builder":"on","_et_pb_old_content":"","_et_gb_content_width":""},"product_brand":[],"product_cat":[17],"product_tag":[],"class_list":{"0":"post-121","1":"product","2":"type-product","3":"status-publish","4":"has-post-thumbnail","6":"product_cat-sin-categorizar","8":"first","9":"instock","10":"shipping-taxable","11":"product-type-simple"},"_links":{"self":[{"href":"https:\/\/lagoelectromecanica.com\/index.php?rest_route=\/wp\/v2\/product\/121","targetHints":{"allow":["GET"]}}],"collection":[{"href":"https:\/\/lagoelectromecanica.com\/index.php?rest_route=\/wp\/v2\/product"}],"about":[{"href":"https:\/\/lagoelectromecanica.com\/index.php?rest_route=\/wp\/v2\/types\/product"}],"replies":[{"embeddable":true,"href":"https:\/\/lagoelectromecanica.com\/index.php?rest_route=%2Fwp%2Fv2%2Fcomments&post=121"}],"wp:featuredmedia":[{"embeddable":true,"href":"https:\/\/lagoelectromecanica.com\/index.php?rest_route=\/wp\/v2\/media\/510"}],"wp:attachment":[{"href":"https:\/\/lagoelectromecanica.com\/index.php?rest_route=%2Fwp%2Fv2%2Fmedia&parent=121"}],"wp:term":[{"taxonomy":"product_brand","embeddable":true,"href":"https:\/\/lagoelectromecanica.com\/index.php?rest_route=%2Fwp%2Fv2%2Fproduct_brand&post=121"},{"taxonomy":"product_cat","embeddable":true,"href":"https:\/\/lagoelectromecanica.com\/index.php?rest_route=%2Fwp%2Fv2%2Fproduct_cat&post=121"},{"taxonomy":"product_tag","embeddable":true,"href":"https:\/\/lagoelectromecanica.com\/index.php?rest_route=%2Fwp%2Fv2%2Fproduct_tag&post=121"}],"curies":[{"name":"wp","href":"https:\/\/api.w.org\/{rel}","templated":true}]}}