{"id":102,"date":"2020-12-17T19:32:01","date_gmt":"2020-12-17T19:32:01","guid":{"rendered":"https:\/\/lagoelectromecanica.com\/?post_type=product&#038;p=102"},"modified":"2020-12-30T19:38:48","modified_gmt":"2020-12-30T19:38:48","slug":"auto-draft","status":"publish","type":"product","link":"https:\/\/lagoelectromecanica.com\/?product=auto-draft","title":{"rendered":"BANCO DE CAPACITORES EN CELDAS MET\u00c1LICAS PARA COMPENSACI\u00d3N DE POTENCIA REACTIVA EN ETT DE13,2 kV"},"content":{"rendered":"<p>[et_pb_section fb_built=\u00bb1&#8243; _builder_version=\u00bb3.22&#8243; custom_padding=\u00bb0px||||false|false\u00bb da_disable_devices=\u00bboff|off|off\u00bb da_is_popup=\u00bboff\u00bb da_exit_intent=\u00bboff\u00bb da_has_close=\u00bbon\u00bb da_alt_close=\u00bboff\u00bb da_dark_close=\u00bboff\u00bb da_not_modal=\u00bbon\u00bb da_is_singular=\u00bboff\u00bb da_with_loader=\u00bboff\u00bb da_has_shadow=\u00bbon\u00bb][et_pb_row _builder_version=\u00bb3.25&#8243; background_size=\u00bbinitial\u00bb background_position=\u00bbtop_left\u00bb background_repeat=\u00bbrepeat\u00bb width=\u00bb100%\u00bb custom_padding=\u00bb0px||0px||false|false\u00bb][et_pb_column type=\u00bb4_4&#8243; _builder_version=\u00bb3.25&#8243; custom_padding=\u00bb|||\u00bb custom_padding__hover=\u00bb|||\u00bb][et_pb_wc_cart_notice _builder_version=\u00bb4.7.4&#8243; background_color=\u00bb#004990&#8243; custom_button=\u00bbon\u00bb button_text_size=\u00bb17px\u00bb button_text_color=\u00bb#004990&#8243; button_border_radius=\u00bb0px\u00bb button_use_icon=\u00bboff\u00bb button_custom_margin=\u00bb-3px||10px||false|false\u00bb custom_padding=\u00bb15px|15px|0px|15px|false|false\u00bb][\/et_pb_wc_cart_notice][\/et_pb_column][\/et_pb_row][et_pb_row column_structure=\u00bb1_2,1_2&#8243; _builder_version=\u00bb3.25&#8243; background_size=\u00bbinitial\u00bb background_position=\u00bbtop_left\u00bb background_repeat=\u00bbrepeat\u00bb width=\u00bb100%\u00bb custom_padding=\u00bb0px||||false|false\u00bb][et_pb_column type=\u00bb1_2&#8243; _builder_version=\u00bb3.25&#8243; custom_padding=\u00bb|||\u00bb custom_padding__hover=\u00bb|||\u00bb][et_pb_wc_images _builder_version=\u00bb3.0.47&#8243;][\/et_pb_wc_images][\/et_pb_column][et_pb_column type=\u00bb1_2&#8243; _builder_version=\u00bb3.25&#8243; custom_padding=\u00bb|||\u00bb custom_padding__hover=\u00bb|||\u00bb][et_pb_wc_title _builder_version=\u00bb4.7.4&#8243; header_font=\u00bbGlegoo||||||||\u00bb][\/et_pb_wc_title][et_pb_wc_price _builder_version=\u00bb3.0.47&#8243;][\/et_pb_wc_price][et_pb_wc_description _builder_version=\u00bb3.0.47&#8243;][\/et_pb_wc_description][et_pb_wc_add_to_cart _builder_version=\u00bb3.0.47&#8243;][\/et_pb_wc_add_to_cart][\/et_pb_column][\/et_pb_row][et_pb_row _builder_version=\u00bb4.7.4&#8243; background_size=\u00bbinitial\u00bb background_position=\u00bbtop_left\u00bb background_repeat=\u00bbrepeat\u00bb width=\u00bb100%\u00bb custom_padding=\u00bb0px||||false|false\u00bb][et_pb_column type=\u00bb4_4&#8243; _builder_version=\u00bb3.25&#8243; custom_padding=\u00bb|||\u00bb custom_padding__hover=\u00bb|||\u00bb][et_pb_text _builder_version=\u00bb4.7.4&#8243; _module_preset=\u00bbdefault\u00bb]LAGO ELECTROMEC\u00c1NICA S.A. presenta una soluci\u00f3n \u00f3ptima para la compensaci\u00f3n de Potencia reactiva en Estaciones Transformadoras de 13,2 kV, con sus Bancos de Capacitores Modulares para Media Tension en celda Met\u00e1lica. Estos equipos alivian la carga de los transformadores de potencia, particularmente en el per\u00edodo estival, cumpliendo con los requerimientos de potencia, seguridad y flexibilidad para su instalaci\u00f3n en subestaciones existentes.<br \/>\nLos bancos de capacitores en celda comprenden todos los elementos de seccionamiento, maniobra y protecci\u00f3n necesarios. Opcionalmente puede prove\u00e9rlos de aumatismo y telecomando.<br \/>\nAl ser los bancos \u00edntegramente ensamblados y ensayados en f\u00e1brica, se minimizan los tiempos necesarios para su instalaci\u00f3n y la puesta en servicio, ya que s\u00f3lo es necesario prever la construcci\u00f3n de la base de hormig\u00f3n y realizar el cableado a la sala de control.[\/et_pb_text][et_pb_wc_price _builder_version=\u00bb3.0.47&#8243;][\/et_pb_wc_price][et_pb_wc_add_to_cart _builder_version=\u00bb3.0.47&#8243;][\/et_pb_wc_add_to_cart][\/et_pb_column][\/et_pb_row][et_pb_row _builder_version=\u00bb4.7.4&#8243; _module_preset=\u00bbdefault\u00bb][et_pb_column type=\u00bb4_4&#8243; _builder_version=\u00bb4.7.4&#8243; _module_preset=\u00bbdefault\u00bb][et_pb_button button_url=\u00bbhttps:\/\/lagoelectromecanica.com\/wp-content\/uploads\/2020\/12\/Fo450R01-BANCO-DE-CAPACITORES.pdf\u00bb button_text=\u00bbDescargar ficha completa\u00bb button_alignment=\u00bbcenter\u00bb _builder_version=\u00bb4.7.4&#8243; _module_preset=\u00bbdefault\u00bb custom_button=\u00bbon\u00bb button_text_color=\u00bb#ffffff\u00bb button_bg_color=\u00bb#004990&#8243; button_border_width=\u00bb0px\u00bb button_border_radius=\u00bb0px\u00bb][\/et_pb_button][\/et_pb_column][\/et_pb_row][\/et_pb_section]<\/p>\n","protected":false},"excerpt":{"rendered":"<p>LAGO ELECTROMEC\u00c1NICA S.A. presenta una soluci\u00f3n \u00f3ptima para la compensaci\u00f3n de Potencia reactiva en Estaciones Transformadoras de 13,2 kV, con sus Bancos de Capacitores Modulares para Media Tension en celda Met\u00e1lica. Estos equipos alivian la carga de los transformadores de potencia, particularmente en el per\u00edodo estival, cumpliendo con los requerimientos de potencia, seguridad y flexibilidad [&hellip;]<\/p>\n","protected":false},"featured_media":515,"comment_status":"open","ping_status":"closed","template":"","meta":{"_et_pb_use_builder":"on","_et_pb_old_content":"","_et_gb_content_width":""},"product_brand":[],"product_cat":[17],"product_tag":[],"class_list":{"0":"post-102","1":"product","2":"type-product","3":"status-publish","4":"has-post-thumbnail","6":"product_cat-sin-categorizar","8":"first","9":"instock","10":"shipping-taxable","11":"product-type-simple"},"_links":{"self":[{"href":"https:\/\/lagoelectromecanica.com\/index.php?rest_route=\/wp\/v2\/product\/102","targetHints":{"allow":["GET"]}}],"collection":[{"href":"https:\/\/lagoelectromecanica.com\/index.php?rest_route=\/wp\/v2\/product"}],"about":[{"href":"https:\/\/lagoelectromecanica.com\/index.php?rest_route=\/wp\/v2\/types\/product"}],"replies":[{"embeddable":true,"href":"https:\/\/lagoelectromecanica.com\/index.php?rest_route=%2Fwp%2Fv2%2Fcomments&post=102"}],"wp:featuredmedia":[{"embeddable":true,"href":"https:\/\/lagoelectromecanica.com\/index.php?rest_route=\/wp\/v2\/media\/515"}],"wp:attachment":[{"href":"https:\/\/lagoelectromecanica.com\/index.php?rest_route=%2Fwp%2Fv2%2Fmedia&parent=102"}],"wp:term":[{"taxonomy":"product_brand","embeddable":true,"href":"https:\/\/lagoelectromecanica.com\/index.php?rest_route=%2Fwp%2Fv2%2Fproduct_brand&post=102"},{"taxonomy":"product_cat","embeddable":true,"href":"https:\/\/lagoelectromecanica.com\/index.php?rest_route=%2Fwp%2Fv2%2Fproduct_cat&post=102"},{"taxonomy":"product_tag","embeddable":true,"href":"https:\/\/lagoelectromecanica.com\/index.php?rest_route=%2Fwp%2Fv2%2Fproduct_tag&post=102"}],"curies":[{"name":"wp","href":"https:\/\/api.w.org\/{rel}","templated":true}]}}